{"id":9846,"date":"2025-04-05T16:11:59","date_gmt":"2025-04-05T16:11:59","guid":{"rendered":"https:\/\/165.140.71.93\/~peltocl\/?post_type=product&#038;p=9846"},"modified":"2026-04-08T23:51:05","modified_gmt":"2026-04-09T03:51:05","slug":"billetera-cuero-zeus-ii-monedero-tarjetero","status":"publish","type":"product","link":"https:\/\/www.pelto.cl\/en\/product\/billetera-cuero-zeus-ii-monedero-tarjetero\/","title":{"rendered":"Billetera Cuero Zeus II \/ Monedero+Tarjetero"},"content":{"rendered":"<h2 data-section-id=\"yt05u0\" data-start=\"468\" data-end=\"533\"><strong style=\"font-size: 20px;\" data-start=\"537\" data-end=\"564\">Billetera Zeus II Pelto<\/strong><\/h2>\n<p>Una pieza de marroquiner\u00eda premium creada para hombres que entienden que los detalles marcan la diferencia. Confeccionada en cuero natural de alta calidad, cada billetera refleja car\u00e1cter, sofisticaci\u00f3n y un est\u00e1ndar superior en dise\u00f1o y fabricaci\u00f3n.<\/p>\n<p data-start=\"825\" data-end=\"1159\">Su formato compacto (11 x 9 cm) ha sido cuidadosamente dise\u00f1ado para ofrecer m\u00e1xima funcionalidad sin perder elegancia. Incorpora un monedero con cierre que resguarda tus monedas de forma segura, junto a un tarjetero independiente que te permite adaptarte a distintos momentos del d\u00eda, llevando solo lo esencial cuando lo necesitas.<\/p>\n<p data-start=\"1166\" data-end=\"1476\">Lo que realmente distingue a la Zeus II es su <strong data-start=\"1212\" data-end=\"1228\">exclusividad<\/strong>: cada combinaci\u00f3n de cueros y colores corresponde a ediciones limitadas, seleccionadas seg\u00fan temporada. Esto convierte cada billetera en una pieza \u00fanica, pensada para quienes buscan diferenciarse con accesorios aut\u00e9nticos y con identidad propia.<\/p>\n<p data-start=\"1483\" data-end=\"1765\">Su interior optimizado permite organizar tarjetas, billetes y monedas de manera pr\u00e1ctica, manteniendo siempre un perfil limpio y sofisticado. La textura y riqueza del cuero natural no solo elevan su est\u00e9tica, sino que tambi\u00e9n aseguran durabilidad y una evoluci\u00f3n \u00fanica con el uso.<\/p>\n<p data-start=\"1772\" data-end=\"1931\"><strong data-start=\"1772\" data-end=\"1828\">No es solo una billetera, es una elecci\u00f3n de estilo.<\/strong><br data-start=\"1828\" data-end=\"1831\" \/>Para hombres exigentes que valoran la calidad, la exclusividad y el dise\u00f1o en su forma m\u00e1s pura.<\/p>\n<p data-start=\"1938\" data-end=\"2004\"><strong data-start=\"1938\" data-end=\"2002\">Pelto Zeus II \u2014 Ediciones limitadas. Dise\u00f1ada para destacar.<\/strong><\/p>\n<ul>\n<li>Dos Compartimentos porta billetes<\/li>\n<li>Seis espacios horizontales para portar tarjetas<\/li>\n<li>Dos espacios verticales porta tarjetas<\/li>\n<li>Billetera cuero con monedero<\/li>\n<li>Con<strong> Tarjetero independiente de cuero<\/strong> ( se puede sacar y usar independiente)<\/li>\n<li>Con correa de cuero<\/li>\n<li>Medidas 11cm largo x 9cm ancho<\/li>\n<li>Incluye caja kraft de regalo y Logo Pelto<\/li>\n<\/ul>\n<p>Dos Accesorios en Uno, con esta Billetera no necesitas nada m\u00e1s!<\/p>","protected":false},"excerpt":{"rendered":"<p><strong data-start=\"169\" data-end=\"196\">Billetera Zeus II Pelto<\/strong>, confeccionada en cuero premium y disponible en combinaciones \u00fanicas de temporada. Creaciones con un stock limitado para asegurar su exclusividad Pelto. Dise\u00f1o compacto (11 x 9 cm) incorpora un monedero con cierre y un tarjetero independiente. Un accesorio exclusivo, pensado para hombres que valoran la elegancia y la distinci\u00f3n en cada detalle.<\/p>","protected":false},"featured_media":11197,"comment_status":"open","ping_status":"closed","template":"","meta":{"_kad_blocks_custom_css":"","_kad_blocks_head_custom_js":"","_kad_blocks_body_custom_js":"","_kad_blocks_footer_custom_js":"","_kad_post_transparent":"default","_kad_post_title":"","_kad_post_layout":"default","_kad_post_sidebar_id":"","_kad_post_content_style":"default","_kad_post_vertical_padding":"default","_kad_post_feature":"","_kad_post_feature_position":"","_kad_post_header":false,"_kad_post_footer":false,"_kad_post_classname":""},"product_brand":[],"product_cat":[220,117],"product_tag":[224,221,222],"class_list":{"0":"post-9846","1":"product","2":"type-product","3":"status-publish","4":"has-post-thumbnail","6":"product_cat-billeteras-hombre","7":"product_cat-para-ellos","8":"product_tag-billetera-con-monedero","9":"product_tag-billetera-de-cuero-hombre","10":"product_tag-billetera-hombre","12":"first","13":"instock","14":"taxable","15":"shipping-taxable","16":"purchasable","17":"product-type-variable","18":"entry","19":"content-bg","20":"loop-entry"},"taxonomy_info":{"product_cat":[{"value":220,"label":"Billeteras Hombre"},{"value":117,"label":"PARA ELLOS"}],"product_tag":[{"value":224,"label":"billetera con monedero"},{"value":221,"label":"Billetera de cuero hombre"},{"value":222,"label":"billetera hombre"}]},"featured_image_src_large":["https:\/\/www.pelto.cl\/wp-content\/uploads\/2025\/04\/copia-3-1024x1024.jpg",1024,1024,true],"author_info":[],"comment_info":0,"_links":{"self":[{"href":"https:\/\/www.pelto.cl\/en\/wp-json\/wp\/v2\/product\/9846","targetHints":{"allow":["GET"]}}],"collection":[{"href":"https:\/\/www.pelto.cl\/en\/wp-json\/wp\/v2\/product"}],"about":[{"href":"https:\/\/www.pelto.cl\/en\/wp-json\/wp\/v2\/types\/product"}],"replies":[{"embeddable":true,"href":"https:\/\/www.pelto.cl\/en\/wp-json\/wp\/v2\/comments?post=9846"}],"wp:featuredmedia":[{"embeddable":true,"href":"https:\/\/www.pelto.cl\/en\/wp-json\/wp\/v2\/media\/11197"}],"wp:attachment":[{"href":"https:\/\/www.pelto.cl\/en\/wp-json\/wp\/v2\/media?parent=9846"}],"wp:term":[{"taxonomy":"product_brand","embeddable":true,"href":"https:\/\/www.pelto.cl\/en\/wp-json\/wp\/v2\/product_brand?post=9846"},{"taxonomy":"product_cat","embeddable":true,"href":"https:\/\/www.pelto.cl\/en\/wp-json\/wp\/v2\/product_cat?post=9846"},{"taxonomy":"product_tag","embeddable":true,"href":"https:\/\/www.pelto.cl\/en\/wp-json\/wp\/v2\/product_tag?post=9846"}],"curies":[{"name":"wp","href":"https:\/\/api.w.org\/{rel}","templated":true}]}}