{"id":9807,"date":"2025-04-05T16:11:13","date_gmt":"2025-04-05T16:11:13","guid":{"rendered":"https:\/\/165.140.71.93\/~peltocl\/?post_type=product&#038;p=9807"},"modified":"2026-02-01T20:25:07","modified_gmt":"2026-02-01T23:25:07","slug":"monedero-con-broche","status":"publish","type":"product","link":"https:\/\/www.pelto.cl\/en\/product\/monedero-con-broche\/","title":{"rendered":"Monedero con broche"},"content":{"rendered":"<p>Monedero con broche<\/p>\n<p>Un monedero de cuero con broche cl\u00e1sico es un accesorio elegante y funcional. Fabricado con cuero de alta calidad, su dise\u00f1o es compacto y atemporal.<\/p>\n<ul>\n<li>Modelo cl\u00e1sico<\/li>\n<li>Sistema de apertura con broche met\u00e1lico<\/li>\n<li>Medidas: 9 cm x 8 cm<\/li>\n<li>Cuero Vacuno Chileno<\/li>\n<li>Hecho a mano por artesanos<\/li>\n<li>Compacto y funcional<\/li>\n<li>Producto chileno<\/li>\n<\/ul>\n<p>Nota: *Todo producto de cuero natural, al ser un elemento org\u00e1nico y no industrializado, puede presentar peque\u00f1as variaciones en su aspecto y coloraci\u00f3n, las cuales son leves y no afectan el resultado de su calidad y durabilidad.<\/p>","protected":false},"excerpt":{"rendered":"<p>&nbsp;<\/p>\n<p>&nbsp;<\/p>","protected":false},"featured_media":9859,"comment_status":"open","ping_status":"closed","template":"","meta":{"_kad_blocks_custom_css":"","_kad_blocks_head_custom_js":"","_kad_blocks_body_custom_js":"","_kad_blocks_footer_custom_js":"","_kad_post_transparent":"","_kad_post_title":"","_kad_post_layout":"","_kad_post_sidebar_id":"","_kad_post_content_style":"","_kad_post_vertical_padding":"","_kad_post_feature":"","_kad_post_feature_position":"","_kad_post_header":false,"_kad_post_footer":false,"_kad_post_classname":""},"product_brand":[],"product_cat":[196,117,182],"product_tag":[197,198,199,200],"class_list":{"0":"post-9807","1":"product","2":"type-product","3":"status-publish","4":"has-post-thumbnail","6":"product_cat-monederos-hombre","7":"product_cat-para-ellos","8":"product_cat-regalos-corporativos","9":"product_tag-monedero-a-presion","10":"product_tag-monedero-de-cuero","11":"product_tag-monedero-de-cuero-hombre","12":"product_tag-monedero-de-hombre","14":"first","15":"instock","16":"taxable","17":"shipping-taxable","18":"purchasable","19":"product-type-variable","20":"has-default-attributes","21":"entry","22":"content-bg","23":"loop-entry"},"taxonomy_info":{"product_cat":[{"value":196,"label":"Monederos Hombre"},{"value":117,"label":"PARA ELLOS"},{"value":182,"label":"REGALOS CORPORATIVOS"}],"product_tag":[{"value":197,"label":"Monedero a presi\u00f3n"},{"value":198,"label":"monedero de cuero"},{"value":199,"label":"Monedero de cuero Hombre"},{"value":200,"label":"Monedero de hombre"}]},"featured_image_src_large":["https:\/\/www.pelto.cl\/wp-content\/uploads\/2025\/04\/blend_002_1612391-e1713639727825.png",300,300,false],"author_info":[],"comment_info":0,"_links":{"self":[{"href":"https:\/\/www.pelto.cl\/en\/wp-json\/wp\/v2\/product\/9807","targetHints":{"allow":["GET"]}}],"collection":[{"href":"https:\/\/www.pelto.cl\/en\/wp-json\/wp\/v2\/product"}],"about":[{"href":"https:\/\/www.pelto.cl\/en\/wp-json\/wp\/v2\/types\/product"}],"replies":[{"embeddable":true,"href":"https:\/\/www.pelto.cl\/en\/wp-json\/wp\/v2\/comments?post=9807"}],"wp:featuredmedia":[{"embeddable":true,"href":"https:\/\/www.pelto.cl\/en\/wp-json\/wp\/v2\/media\/9859"}],"wp:attachment":[{"href":"https:\/\/www.pelto.cl\/en\/wp-json\/wp\/v2\/media?parent=9807"}],"wp:term":[{"taxonomy":"product_brand","embeddable":true,"href":"https:\/\/www.pelto.cl\/en\/wp-json\/wp\/v2\/product_brand?post=9807"},{"taxonomy":"product_cat","embeddable":true,"href":"https:\/\/www.pelto.cl\/en\/wp-json\/wp\/v2\/product_cat?post=9807"},{"taxonomy":"product_tag","embeddable":true,"href":"https:\/\/www.pelto.cl\/en\/wp-json\/wp\/v2\/product_tag?post=9807"}],"curies":[{"name":"wp","href":"https:\/\/api.w.org\/{rel}","templated":true}]}}