{"id":9780,"date":"2025-04-05T16:10:50","date_gmt":"2025-04-05T16:10:50","guid":{"rendered":"https:\/\/165.140.71.93\/~peltocl\/?post_type=product&#038;p=9780"},"modified":"2025-12-21T12:44:03","modified_gmt":"2025-12-21T15:44:03","slug":"clutch-minimal-cartera-de-mano","status":"publish","type":"product","link":"https:\/\/www.pelto.cl\/en\/product\/clutch-minimal-cartera-de-mano\/","title":{"rendered":"Clutch Minimal \/ Cartera de mano"},"content":{"rendered":"<p>Que es un Clutch?<\/p>\n<p>Un clutch es un bolso peque\u00f1o de mano, que te brinde un estilo liviano y elegante. Tiene un asa de cuero para poner en la mu\u00f1eca de manera relajada y sofisticada.<\/p>\n<p>La puedes usar para un evento o para el d\u00eda a d\u00eda! potenciando outfits b\u00e1sicos y sobrios, con m\u00e1ximo estilo urbano<\/p>\n<ul>\n<li>Confecci\u00f3n hecho a mano<\/li>\n<li>100% cuero natural<\/li>\n<li>Medidas 22cm largo x 14cm alto<\/li>\n<li>Bolsillo \/Tarjetero interior<\/li>\n<li>Asa de cuero desmontable del carro de la cremallera<\/li>\n<li>Cuero Natural 100% leg\u00edtimo<\/li>\n<\/ul>\n<p>&nbsp;<\/p>","protected":false},"excerpt":{"rendered":"<p>Que es un Clutch?<\/p>\n<p>Un clutch es un bolso peque\u00f1o de mano, que te brinde un estilo liviano y elegante. Tiene un asa de cuero para poner en la mu\u00f1eca de manera relajada y sofisticada.<\/p>","protected":false},"featured_media":9831,"comment_status":"closed","ping_status":"closed","template":"","meta":{"_kad_blocks_custom_css":"","_kad_blocks_head_custom_js":"","_kad_blocks_body_custom_js":"","_kad_blocks_footer_custom_js":"","_kad_post_transparent":"default","_kad_post_title":"","_kad_post_layout":"default","_kad_post_sidebar_id":"","_kad_post_content_style":"default","_kad_post_vertical_padding":"default","_kad_post_feature":"","_kad_post_feature_position":"","_kad_post_header":false,"_kad_post_footer":false,"_kad_post_classname":""},"product_brand":[],"product_cat":[132,286],"product_tag":[],"class_list":{"0":"post-9780","1":"product","2":"type-product","3":"status-publish","4":"has-post-thumbnail","6":"product_cat-carteras-y-bolsos","7":"product_cat-regalos-unicos","9":"first","10":"instock","11":"sold-individually","12":"taxable","13":"shipping-taxable","14":"purchasable","15":"product-type-variable","16":"entry","17":"content-bg","18":"loop-entry"},"taxonomy_info":{"product_cat":[{"value":132,"label":"Carteras y Bolsos"},{"value":286,"label":"REGALOS \u00daNICOS"}]},"featured_image_src_large":["https:\/\/www.pelto.cl\/wp-content\/uploads\/2025\/04\/IMG_7913editweb.jpg",700,467,false],"author_info":[],"comment_info":0,"_links":{"self":[{"href":"https:\/\/www.pelto.cl\/en\/wp-json\/wp\/v2\/product\/9780","targetHints":{"allow":["GET"]}}],"collection":[{"href":"https:\/\/www.pelto.cl\/en\/wp-json\/wp\/v2\/product"}],"about":[{"href":"https:\/\/www.pelto.cl\/en\/wp-json\/wp\/v2\/types\/product"}],"replies":[{"embeddable":true,"href":"https:\/\/www.pelto.cl\/en\/wp-json\/wp\/v2\/comments?post=9780"}],"wp:featuredmedia":[{"embeddable":true,"href":"https:\/\/www.pelto.cl\/en\/wp-json\/wp\/v2\/media\/9831"}],"wp:attachment":[{"href":"https:\/\/www.pelto.cl\/en\/wp-json\/wp\/v2\/media?parent=9780"}],"wp:term":[{"taxonomy":"product_brand","embeddable":true,"href":"https:\/\/www.pelto.cl\/en\/wp-json\/wp\/v2\/product_brand?post=9780"},{"taxonomy":"product_cat","embeddable":true,"href":"https:\/\/www.pelto.cl\/en\/wp-json\/wp\/v2\/product_cat?post=9780"},{"taxonomy":"product_tag","embeddable":true,"href":"https:\/\/www.pelto.cl\/en\/wp-json\/wp\/v2\/product_tag?post=9780"}],"curies":[{"name":"wp","href":"https:\/\/api.w.org\/{rel}","templated":true}]}}