{"id":9745,"date":"2025-04-05T16:10:02","date_gmt":"2025-04-05T16:10:02","guid":{"rendered":"https:\/\/165.140.71.93\/~peltocl\/?post_type=product&#038;p=9745"},"modified":"2026-04-08T23:57:10","modified_gmt":"2026-04-09T03:57:10","slug":"cartera-cuero-circular-olivia","status":"publish","type":"product","link":"https:\/\/www.pelto.cl\/en\/product\/cartera-cuero-circular-olivia\/","title":{"rendered":"Cartera Cuero Circular \/ Olivia"},"content":{"rendered":"<p>Cartera cuero circular Olivia tiene un exquisito dise\u00f1o<strong> geom\u00e9trico <\/strong>y vanguardista!<\/p>\n<p>Una Cartera Crossbody confeccionada a mano con materiales nobles y finas terminaciones es un dise\u00f1o atemporal y casual que se robar\u00e1 todas las miradas!<\/p>\n<ul>\n<li>Material: Cuero natural genuino<\/li>\n<li>Di\u00e1metro de 21cm\u00a0 x 5cm de fuelle<\/li>\n<li style=\"font-weight: 400;\"><span style=\"font-weight: 400;\">Bolso cruzado geom\u00e9trico \u00fanico para cuando quieras algo un poco diferente<\/span><\/li>\n<li style=\"font-weight: 400;\"><span style=\"font-weight: 400;\">Cuenta con un bolsillo exterior con cremallera<\/span><\/li>\n<li style=\"font-weight: 400;\"><span style=\"font-weight: 400;\">Bolsillo interior<\/span><\/li>\n<li>Forro: Si<\/li>\n<li style=\"font-weight: 400;\"><span style=\"font-weight: 400;\">Correa cruzada ajustable\u00a0<\/span><\/li>\n<li>Estilo Crossbody<\/li>\n<li>Vanguardista y elegante<\/li>\n<\/ul>\n<p>Redonda, minimalista y con m\u00e1s personalidad que tu grupo de WhatsApp.<\/p>\n<p>Por qu\u00e9 elegir Pelto?<\/p>\n<p>En Pelto combinamos dise\u00f1o minimalista, cuero natural chileno y elaboraci\u00f3n 100% artesanal. Cada pieza es \u00fanica, hecha a mano con pasi\u00f3n y presici\u00f3n.<\/p>\n<p>Calidad real que se siente.<\/p>\n<p>Materiales nobles, duraderos y sustentables.<\/p>\n<p>No compras solo un accesorio, llevas parte de una historia.<\/p>\n<p>Advertencia: causa envidia inmediata.<\/p>\n<p>&nbsp;<\/p>","protected":false},"excerpt":{"rendered":"<p>Cartera cuero circular Olivia tiene un exquisito dise\u00f1o<strong> geom\u00e9trico <\/strong>y vanguardista! Una Cartera Crossbody confeccionada a mano con materiales nobles y finas terminaciones es un dise\u00f1o atemporal y casual que se robar\u00e1 todas las miradas!<\/p>","protected":false},"featured_media":9811,"comment_status":"open","ping_status":"closed","template":"","meta":{"_kad_blocks_custom_css":"","_kad_blocks_head_custom_js":"","_kad_blocks_body_custom_js":"","_kad_blocks_footer_custom_js":"","_kad_post_transparent":"default","_kad_post_title":"","_kad_post_layout":"default","_kad_post_sidebar_id":"","_kad_post_content_style":"default","_kad_post_vertical_padding":"default","_kad_post_feature":"","_kad_post_feature_position":"","_kad_post_header":false,"_kad_post_footer":false,"_kad_post_classname":""},"product_brand":[],"product_cat":[136,132,131],"product_tag":[358,170,304,305],"class_list":{"0":"post-9745","1":"product","2":"type-product","3":"status-publish","4":"has-post-thumbnail","6":"product_cat-bandoleras-mujer","7":"product_cat-carteras-y-bolsos","8":"product_cat-para-ellas","9":"product_tag-cartera-circular","10":"product_tag-cartera-de-cuero","11":"product_tag-cartera-redonda","12":"product_tag-crossbody-circular","14":"first","15":"instock","16":"sold-individually","17":"taxable","18":"shipping-taxable","19":"purchasable","20":"product-type-variable","21":"entry","22":"content-bg","23":"loop-entry"},"taxonomy_info":{"product_cat":[{"value":136,"label":"Bandoleras Mujer"},{"value":132,"label":"Carteras y Bolsos"},{"value":131,"label":"PARA ELLAS"}],"product_tag":[{"value":358,"label":"cartera circular"},{"value":170,"label":"Cartera de cuero"},{"value":304,"label":"Cartera redonda"},{"value":305,"label":"Crossbody circular"}]},"featured_image_src_large":["https:\/\/www.pelto.cl\/wp-content\/uploads\/2025\/04\/IMG_7905editweb.jpg",700,467,false],"author_info":[],"comment_info":0,"_links":{"self":[{"href":"https:\/\/www.pelto.cl\/en\/wp-json\/wp\/v2\/product\/9745","targetHints":{"allow":["GET"]}}],"collection":[{"href":"https:\/\/www.pelto.cl\/en\/wp-json\/wp\/v2\/product"}],"about":[{"href":"https:\/\/www.pelto.cl\/en\/wp-json\/wp\/v2\/types\/product"}],"replies":[{"embeddable":true,"href":"https:\/\/www.pelto.cl\/en\/wp-json\/wp\/v2\/comments?post=9745"}],"wp:featuredmedia":[{"embeddable":true,"href":"https:\/\/www.pelto.cl\/en\/wp-json\/wp\/v2\/media\/9811"}],"wp:attachment":[{"href":"https:\/\/www.pelto.cl\/en\/wp-json\/wp\/v2\/media?parent=9745"}],"wp:term":[{"taxonomy":"product_brand","embeddable":true,"href":"https:\/\/www.pelto.cl\/en\/wp-json\/wp\/v2\/product_brand?post=9745"},{"taxonomy":"product_cat","embeddable":true,"href":"https:\/\/www.pelto.cl\/en\/wp-json\/wp\/v2\/product_cat?post=9745"},{"taxonomy":"product_tag","embeddable":true,"href":"https:\/\/www.pelto.cl\/en\/wp-json\/wp\/v2\/product_tag?post=9745"}],"curies":[{"name":"wp","href":"https:\/\/api.w.org\/{rel}","templated":true}]}}