{"id":9740,"date":"2025-04-05T16:10:01","date_gmt":"2025-04-05T16:10:01","guid":{"rendered":"https:\/\/165.140.71.93\/~peltocl\/?post_type=product&#038;p=9740"},"modified":"2026-04-16T11:09:14","modified_gmt":"2026-04-16T15:09:14","slug":"mochila-cuero-mujer-tote-laptop-cedro","status":"publish","type":"product","link":"https:\/\/www.pelto.cl\/en\/product\/mochila-cuero-mujer-tote-laptop-cedro\/","title":{"rendered":"Mochila Cuero Mujer \/ Tote Laptop Cedro"},"content":{"rendered":"<p>Mochila Cuero Mujer Tote porta<strong> Laptop<\/strong> con el estilo y elegancia que necesitas!<\/p>\n<p>Esta mochila de cuero, alta y de perfil delgado, fue dise\u00f1ada pensando en el <strong>estilo minimalista<\/strong>.<\/p>\n<p>Esta mochila es perfecta para las necesidades, que pueden incluir archivos, carpetas y una tableta o computadora port\u00e1til de 13&#8243; o 14&#8243; (seg\u00fan las dimensiones de MacBook Pro). Incluye un bolsillo frontal grande con cremallera, un bolsillo interior peque\u00f1o y un sistema de ajuste de correa con hebilla.<\/p>\n<ul>\n<li>Mochila de cuero natural genuino<\/li>\n<li>Dimensiones: 40cm alto x 32cm de ancho x 10cm de fondo<\/li>\n<li>Interior Forrado con textil<\/li>\n<li>Acceso mediante cremallera superior<\/li>\n<li>Bolsillo interior con cremallera<\/li>\n<li>Gran bolsillo frontal con cremallera para guardar cargadores y accesorios.<\/li>\n<li>Firmes correas de cuero ajustables mediante hebilla.<\/li>\n<li>Manilla central resistente cncosturas reforzadas.<\/li>\n<\/ul>\n<p>Una Tote que cuidar\u00e1 tu tesoro! Porque sabemos que tu equipo es tu trabajo!!!<\/p>","protected":false},"excerpt":{"rendered":"<p>Mochila Cuero Mujer Tote porta<strong> Laptop<\/strong> con el estilo y elegancia que necesitas!<\/p>\n<p>Esta mochila de cuero, alta y de perfil delgado, fue dise\u00f1ada pensando en el <strong>estilo minimalista<\/strong>.<\/p>","protected":false},"featured_media":9794,"comment_status":"open","ping_status":"closed","template":"","meta":{"_kad_blocks_custom_css":"","_kad_blocks_head_custom_js":"","_kad_blocks_body_custom_js":"","_kad_blocks_footer_custom_js":"","_kad_post_transparent":"default","_kad_post_title":"","_kad_post_layout":"default","_kad_post_sidebar_id":"","_kad_post_content_style":"default","_kad_post_vertical_padding":"default","_kad_post_feature":"","_kad_post_feature_position":"","_kad_post_header":false,"_kad_post_footer":false,"_kad_post_classname":""},"product_brand":[],"product_cat":[132,137,131],"product_tag":[225,165,159,167,168],"class_list":{"0":"post-9740","1":"product","2":"type-product","3":"status-publish","4":"has-post-thumbnail","6":"product_cat-carteras-y-bolsos","7":"product_cat-mochilas-mujer","8":"product_cat-para-ellas","9":"product_tag-mochila-cuero-cafe","10":"product_tag-mochila-cuero-natural","11":"product_tag-mochila-de-cuero","12":"product_tag-mochila-de-cuero-mujer","13":"product_tag-mochila-de-mujer","15":"first","16":"outofstock","17":"sold-individually","18":"taxable","19":"shipping-taxable","20":"purchasable","21":"product-type-simple","22":"entry","23":"content-bg","24":"loop-entry"},"taxonomy_info":{"product_cat":[{"value":132,"label":"Carteras y Bolsos"},{"value":137,"label":"Mochilas Mujer"},{"value":131,"label":"PARA ELLAS"}],"product_tag":[{"value":225,"label":"Mochila cuero cafe"},{"value":165,"label":"mochila cuero natural"},{"value":159,"label":"Mochila de cuero"},{"value":167,"label":"mochila de cuero mujer"},{"value":168,"label":"mochila de mujer"}]},"featured_image_src_large":["https:\/\/www.pelto.cl\/wp-content\/uploads\/2025\/04\/IMG_7873editweb.jpg",700,700,false],"author_info":[],"comment_info":0,"_links":{"self":[{"href":"https:\/\/www.pelto.cl\/en\/wp-json\/wp\/v2\/product\/9740","targetHints":{"allow":["GET"]}}],"collection":[{"href":"https:\/\/www.pelto.cl\/en\/wp-json\/wp\/v2\/product"}],"about":[{"href":"https:\/\/www.pelto.cl\/en\/wp-json\/wp\/v2\/types\/product"}],"replies":[{"embeddable":true,"href":"https:\/\/www.pelto.cl\/en\/wp-json\/wp\/v2\/comments?post=9740"}],"wp:featuredmedia":[{"embeddable":true,"href":"https:\/\/www.pelto.cl\/en\/wp-json\/wp\/v2\/media\/9794"}],"wp:attachment":[{"href":"https:\/\/www.pelto.cl\/en\/wp-json\/wp\/v2\/media?parent=9740"}],"wp:term":[{"taxonomy":"product_brand","embeddable":true,"href":"https:\/\/www.pelto.cl\/en\/wp-json\/wp\/v2\/product_brand?post=9740"},{"taxonomy":"product_cat","embeddable":true,"href":"https:\/\/www.pelto.cl\/en\/wp-json\/wp\/v2\/product_cat?post=9740"},{"taxonomy":"product_tag","embeddable":true,"href":"https:\/\/www.pelto.cl\/en\/wp-json\/wp\/v2\/product_tag?post=9740"}],"curies":[{"name":"wp","href":"https:\/\/api.w.org\/{rel}","templated":true}]}}