{"id":9739,"date":"2025-04-05T16:10:01","date_gmt":"2025-04-05T16:10:01","guid":{"rendered":"https:\/\/165.140.71.93\/~peltocl\/?post_type=product&#038;p=9739"},"modified":"2025-04-05T16:11:03","modified_gmt":"2025-04-05T16:11:03","slug":"billetera-romina","status":"publish","type":"product","link":"https:\/\/www.pelto.cl\/en\/product\/billetera-romina\/","title":{"rendered":"Billetera Romina"},"content":{"rendered":"<p>Billetera Romina<\/p>\n<p>Dise\u00f1o encantador, pr\u00e1ctico y compacto. Para organizar tus tarjetas, monedas y billetes en un espacio m\u00ednimo.<\/p>\n<p>Consultar por el color que buscas o realizar combinaciones \u00fanicas!<\/p>\n<ul>\n<li>Confecci\u00f3n hecho a mano<\/li>\n<li>100% cuero natural<\/li>\n<li>Medidas 12cm largo x 9cm ancho<\/li>\n<li>Tarjetero interior<\/li>\n<li>Espacio interior para monedas<\/li>\n<li>Confecci\u00f3n a pedido, en el color que te interese!<\/li>\n<li>Tiempo de fabricaci\u00f3n 7 a 10 d\u00edas h\u00e1biles<\/li>\n<li>Env\u00edanos un mensaje!<\/li>\n<\/ul>\n<p>&nbsp;<\/p>","protected":false},"excerpt":{"rendered":"<p>Billetera Romina Dise\u00f1o encantador, pr\u00e1ctico y compacto. Para organizar tus tarjetas, monedas y billetes en un espacio m\u00ednimo. Consultar por el color que buscas o realizar combinaciones \u00fanicas! Confecci\u00f3n hecho a mano 100% cuero natural Medidas 12cm largo x 9cm ancho Tarjetero interior Espacio interior para monedas Confecci\u00f3n a pedido, en el color que te&#8230;<\/p>","protected":false},"featured_media":9792,"comment_status":"closed","ping_status":"closed","template":"","meta":{"_kad_blocks_custom_css":"","_kad_blocks_head_custom_js":"","_kad_blocks_body_custom_js":"","_kad_blocks_footer_custom_js":"","_kad_post_transparent":"","_kad_post_title":"","_kad_post_layout":"","_kad_post_sidebar_id":"","_kad_post_content_style":"","_kad_post_vertical_padding":"","_kad_post_feature":"","_kad_post_feature_position":"","_kad_post_header":false,"_kad_post_footer":false,"_kad_post_classname":""},"product_brand":[],"product_cat":[286],"product_tag":[],"class_list":{"0":"post-9739","1":"product","2":"type-product","3":"status-publish","4":"has-post-thumbnail","6":"product_cat-regalos-unicos","8":"first","9":"onbackorder","10":"sold-individually","11":"taxable","12":"shipping-taxable","13":"purchasable","14":"product-type-simple","15":"entry","16":"content-bg","17":"loop-entry"},"taxonomy_info":{"product_cat":[{"value":286,"label":"REGALOS \u00daNICOS"}]},"featured_image_src_large":["https:\/\/www.pelto.cl\/wp-content\/uploads\/2025\/04\/billetera-Romina.jpg",600,800,false],"author_info":[],"comment_info":0,"_links":{"self":[{"href":"https:\/\/www.pelto.cl\/en\/wp-json\/wp\/v2\/product\/9739","targetHints":{"allow":["GET"]}}],"collection":[{"href":"https:\/\/www.pelto.cl\/en\/wp-json\/wp\/v2\/product"}],"about":[{"href":"https:\/\/www.pelto.cl\/en\/wp-json\/wp\/v2\/types\/product"}],"replies":[{"embeddable":true,"href":"https:\/\/www.pelto.cl\/en\/wp-json\/wp\/v2\/comments?post=9739"}],"wp:featuredmedia":[{"embeddable":true,"href":"https:\/\/www.pelto.cl\/en\/wp-json\/wp\/v2\/media\/9792"}],"wp:attachment":[{"href":"https:\/\/www.pelto.cl\/en\/wp-json\/wp\/v2\/media?parent=9739"}],"wp:term":[{"taxonomy":"product_brand","embeddable":true,"href":"https:\/\/www.pelto.cl\/en\/wp-json\/wp\/v2\/product_brand?post=9739"},{"taxonomy":"product_cat","embeddable":true,"href":"https:\/\/www.pelto.cl\/en\/wp-json\/wp\/v2\/product_cat?post=9739"},{"taxonomy":"product_tag","embeddable":true,"href":"https:\/\/www.pelto.cl\/en\/wp-json\/wp\/v2\/product_tag?post=9739"}],"curies":[{"name":"wp","href":"https:\/\/api.w.org\/{rel}","templated":true}]}}