{"id":9717,"date":"2025-04-05T16:09:38","date_gmt":"2025-04-05T16:09:38","guid":{"rendered":"https:\/\/165.140.71.93\/~peltocl\/?post_type=product&#038;p=9717"},"modified":"2026-02-12T15:35:08","modified_gmt":"2026-02-12T18:35:08","slug":"estuche-de-cuero","status":"publish","type":"product","link":"https:\/\/www.pelto.cl\/en\/product\/estuche-de-cuero\/","title":{"rendered":"Estuche de Cuero"},"content":{"rendered":"<p>Estuche de Cuero \/ Porta cepillo\/ Lapicero<\/p>\n<ul>\n<li>Cuero natural tipo graso<\/li>\n<li>Medidas 23cm de largo x 7cm alto x 4.5cm de base<\/li>\n<li>Cremallera superior se puede personalizar color de cierre y carro<\/li>\n<li>Correa lateral de cuero<\/li>\n<li>Sin forro<\/li>\n<li>Hecho a mano<\/li>\n<li>Colores disponibles para entrega inmediata se muestran en las fotograf\u00edas<\/li>\n<\/ul>\n<p>Funciones de tu estuche de cuero: como porta l\u00e1pices, porta lentes, porta cepillo de dientes, mini cosmetiquero, para guardar aparatos electr\u00f3nicos, discos de memoria y muchas m\u00e1s!<\/p>\n<p>Con la elegancia y durabilidad del la piel genuina<\/p>\n<p>*Colores de cierre disponibles si deseas para confecci\u00f3n: verde manzana, verde oscuro, az\u00fal, rojo, rosado, amarillo, caf\u00e9 y gris.<\/p>\n<p>Tiempo de confeccion de 2 a 5 d\u00edas corridos.<\/p>\n<p>&nbsp;<\/p>","protected":false},"excerpt":{"rendered":"<p>Estuche de Cuero \/ Porta cepillo\/ Lapicero Cuero natural tipo graso Medidas 23cm de largo x 7cm alto x 4.5cm de base Cremallera superior se puede personalizar color de cierre y carro Correa lateral de cuero Sin forro Hecho a mano Colores disponibles para entrega inmediata se muestran en las fotograf\u00edas Funciones de tu estuche&#8230;<\/p>","protected":false},"featured_media":9767,"comment_status":"closed","ping_status":"closed","template":"","meta":{"_kad_blocks_custom_css":"","_kad_blocks_head_custom_js":"","_kad_blocks_body_custom_js":"","_kad_blocks_footer_custom_js":"","_kad_post_transparent":"default","_kad_post_title":"","_kad_post_layout":"default","_kad_post_sidebar_id":"","_kad_post_content_style":"default","_kad_post_vertical_padding":"default","_kad_post_feature":"","_kad_post_feature_position":"","_kad_post_header":false,"_kad_post_footer":false,"_kad_post_classname":""},"product_brand":[],"product_cat":[142,295,201,182,119],"product_tag":[218,296,297,298],"class_list":{"0":"post-9717","1":"product","2":"type-product","3":"status-publish","4":"has-post-thumbnail","6":"product_cat-cosmetiqueros-y-estuches","7":"product_cat-estuche-de-cuero","8":"product_cat-neceser-hombre","9":"product_cat-regalos-corporativos","10":"product_cat-unisex","11":"product_tag-estuche-de-cuero","12":"product_tag-estuche-de-cuero-natural","13":"product_tag-porta-cepillo","14":"product_tag-porta-lapices","16":"first","17":"instock","18":"taxable","19":"shipping-taxable","20":"purchasable","21":"product-type-variable","22":"entry","23":"content-bg","24":"loop-entry"},"taxonomy_info":{"product_cat":[{"value":142,"label":"Cosmetiqueros y estuches"},{"value":295,"label":"Estuche de cuero"},{"value":201,"label":"Neceser Hombre"},{"value":182,"label":"REGALOS CORPORATIVOS"},{"value":119,"label":"UNISEX"}],"product_tag":[{"value":218,"label":"estuche de cuero"},{"value":296,"label":"estuche de cuero natural"},{"value":297,"label":"porta cepillo"},{"value":298,"label":"porta lapices"}]},"featured_image_src_large":["https:\/\/www.pelto.cl\/wp-content\/uploads\/2025\/04\/blend0510240346211-e1730824524851.png",368,400,false],"author_info":[],"comment_info":0,"_links":{"self":[{"href":"https:\/\/www.pelto.cl\/en\/wp-json\/wp\/v2\/product\/9717","targetHints":{"allow":["GET"]}}],"collection":[{"href":"https:\/\/www.pelto.cl\/en\/wp-json\/wp\/v2\/product"}],"about":[{"href":"https:\/\/www.pelto.cl\/en\/wp-json\/wp\/v2\/types\/product"}],"replies":[{"embeddable":true,"href":"https:\/\/www.pelto.cl\/en\/wp-json\/wp\/v2\/comments?post=9717"}],"wp:featuredmedia":[{"embeddable":true,"href":"https:\/\/www.pelto.cl\/en\/wp-json\/wp\/v2\/media\/9767"}],"wp:attachment":[{"href":"https:\/\/www.pelto.cl\/en\/wp-json\/wp\/v2\/media?parent=9717"}],"wp:term":[{"taxonomy":"product_brand","embeddable":true,"href":"https:\/\/www.pelto.cl\/en\/wp-json\/wp\/v2\/product_brand?post=9717"},{"taxonomy":"product_cat","embeddable":true,"href":"https:\/\/www.pelto.cl\/en\/wp-json\/wp\/v2\/product_cat?post=9717"},{"taxonomy":"product_tag","embeddable":true,"href":"https:\/\/www.pelto.cl\/en\/wp-json\/wp\/v2\/product_tag?post=9717"}],"curies":[{"name":"wp","href":"https:\/\/api.w.org\/{rel}","templated":true}]}}