{"id":9698,"date":"2025-04-05T16:09:16","date_gmt":"2025-04-05T16:09:16","guid":{"rendered":"https:\/\/165.140.71.93\/~peltocl\/?post_type=product&#038;p=9698"},"modified":"2025-06-13T04:20:40","modified_gmt":"2025-06-13T04:20:40","slug":"porta-documentos-de-cintura","status":"publish","type":"product","link":"https:\/\/www.pelto.cl\/en\/product\/porta-documentos-de-cintura\/","title":{"rendered":"Porta documentos de cintura"},"content":{"rendered":"<p>Porta documentos de cintura (*no incluye cintur\u00f3n)<\/p>\n<p>Este peque\u00f1o y vers\u00e1til accesorio se puede montar en tu cintur\u00f3n favorito, con el color y estilo que mas te acomode. Adem\u00e1s de tener todos tus documentos cerca de ti, es monedero, tarjetero, llavero y accesorio de moda elaborado en las mas encantadoras combinaciones de cueros para ti.<\/p>\n<p>Complementa tus outfits con un estilo coqueto y audaz!<\/p>\n<ul>\n<li>Confeccionado a mano con cueros 100% natural<\/li>\n<li>Apertura con broche a presi\u00f3n<\/li>\n<li>Argolla lateral con mosquet\u00f3n y llavero met\u00e1lico<\/li>\n<li>Pasador para adherir al cintur\u00f3n en reverso<\/li>\n<li>Medidas 12cm largo x 9cm alto<\/li>\n<li>Costuras firmes<\/li>\n<li>Combinaci\u00f3n de colores a tu gusto<\/li>\n<li>Excelente terminaci\u00f3n<\/li>\n<\/ul>\n<p>Nota: *Todo producto de cuero natural, al ser un elemento org\u00e1nico y no industrializado, puede presentar peque\u00f1as variaciones en su aspecto y coloraci\u00f3n, las cuales son leves y no afectan el resultado de su calidad y durabilidad.<\/p>","protected":false},"excerpt":{"rendered":"<p>Porta documentos de cintura (*no incluye cintur\u00f3n) Este peque\u00f1o y vers\u00e1til accesorio se puede montar en tu cintur\u00f3n favorito, con el color y estilo que mas te acomode. Adem\u00e1s de tener todos tus documentos cerca de ti, es monedero, tarjetero, llavero y accesorio de moda elaborado en las mas encantadoras combinaciones de cueros para ti&#8230;.<\/p>","protected":false},"featured_media":9750,"comment_status":"closed","ping_status":"closed","template":"","meta":{"_kad_blocks_custom_css":"","_kad_blocks_head_custom_js":"","_kad_blocks_body_custom_js":"","_kad_blocks_footer_custom_js":"","_kad_post_transparent":"default","_kad_post_title":"","_kad_post_layout":"default","_kad_post_sidebar_id":"","_kad_post_content_style":"default","_kad_post_vertical_padding":"default","_kad_post_feature":"","_kad_post_feature_position":"","_kad_post_header":false,"_kad_post_footer":false,"_kad_post_classname":""},"product_brand":[],"product_cat":[131,180,286],"product_tag":[287,288,289,183],"class_list":{"0":"post-9698","1":"product","2":"type-product","3":"status-publish","4":"has-post-thumbnail","6":"product_cat-para-ellas","7":"product_cat-porta-documentos","8":"product_cat-regalos-unicos","9":"product_tag-monedero-cuero-de-mujer","10":"product_tag-monedero-de-cintura","11":"product_tag-monedero-de-mujer","12":"product_tag-porta-documentos-de-cuero","14":"first","15":"outofstock","16":"taxable","17":"shipping-taxable","18":"purchasable","19":"product-type-variable","20":"entry","21":"content-bg","22":"loop-entry"},"taxonomy_info":{"product_cat":[{"value":131,"label":"PARA ELLAS"},{"value":180,"label":"Porta Documentos"},{"value":286,"label":"REGALOS \u00daNICOS"}],"product_tag":[{"value":287,"label":"monedero cuero de mujer"},{"value":288,"label":"monedero de cintura"},{"value":289,"label":"monedero de mujer"},{"value":183,"label":"porta documentos de cuero"}]},"featured_image_src_large":["https:\/\/www.pelto.cl\/wp-content\/uploads\/2025\/04\/IMG_8143chica.png",500,665,false],"author_info":[],"comment_info":0,"_links":{"self":[{"href":"https:\/\/www.pelto.cl\/en\/wp-json\/wp\/v2\/product\/9698","targetHints":{"allow":["GET"]}}],"collection":[{"href":"https:\/\/www.pelto.cl\/en\/wp-json\/wp\/v2\/product"}],"about":[{"href":"https:\/\/www.pelto.cl\/en\/wp-json\/wp\/v2\/types\/product"}],"replies":[{"embeddable":true,"href":"https:\/\/www.pelto.cl\/en\/wp-json\/wp\/v2\/comments?post=9698"}],"wp:featuredmedia":[{"embeddable":true,"href":"https:\/\/www.pelto.cl\/en\/wp-json\/wp\/v2\/media\/9750"}],"wp:attachment":[{"href":"https:\/\/www.pelto.cl\/en\/wp-json\/wp\/v2\/media?parent=9698"}],"wp:term":[{"taxonomy":"product_brand","embeddable":true,"href":"https:\/\/www.pelto.cl\/en\/wp-json\/wp\/v2\/product_brand?post=9698"},{"taxonomy":"product_cat","embeddable":true,"href":"https:\/\/www.pelto.cl\/en\/wp-json\/wp\/v2\/product_cat?post=9698"},{"taxonomy":"product_tag","embeddable":true,"href":"https:\/\/www.pelto.cl\/en\/wp-json\/wp\/v2\/product_tag?post=9698"}],"curies":[{"name":"wp","href":"https:\/\/api.w.org\/{rel}","templated":true}]}}