{"id":9675,"date":"2025-04-05T16:08:54","date_gmt":"2025-04-05T16:08:54","guid":{"rendered":"https:\/\/165.140.71.93\/~peltocl\/?post_type=product&#038;p=9675"},"modified":"2025-04-05T16:09:58","modified_gmt":"2025-04-05T16:09:58","slug":"tarjetero-clasico-tauro","status":"publish","type":"product","link":"https:\/\/www.pelto.cl\/en\/product\/tarjetero-clasico-tauro\/","title":{"rendered":"Tarjetero Cl\u00e1sico Tauro"},"content":{"rendered":"<p>Tarjetero Cl\u00e1sico Tauro est\u00e1 confeccionado artesanalmente con cuero tradicional de vacuno<\/p>\n<p>Si buscas optimizar espacio, este accesorio te va a interesar! Estilo cl\u00e1sico y un toque vintage en su interior, este accesorio tiene 4 espacios para tarjetas y un forro de tela estilo retro.<\/p>\n<ul>\n<li>Cuatro espacios para portar tarjetas<\/li>\n<li>Cuero natural de vacuno de gran calidad<\/li>\n<li>Medidas 10cm largo x 7cm ancho<\/li>\n<li>Costuras en todos sus contornos<\/li>\n<li>Tela de interior con dise\u00f1o vintage<\/li>\n<li>Dos colores disponibles<\/li>\n<li>Excelentes terminaciones<\/li>\n<\/ul>\n<p>Nota: *Todo producto de cuero natural, al ser un elemento org\u00e1nico y no industrializado, puede presentar peque\u00f1as variaciones en su aspecto y coloraci\u00f3n, las cuales son leves y no afectan el resultado de su calidad y durabilidad.<\/p>","protected":false},"excerpt":{"rendered":"<p>Tarjetero Cl\u00e1sico Tauro est\u00e1 confeccionado artesanalmente con cuero tradicional de vacuno Si buscas optimizar espacio, este accesorio te va a interesar! Estilo cl\u00e1sico y un toque vintage en su interior, este accesorio tiene 4 espacios para tarjetas y un forro de tela estilo retro. Cuatro espacios para portar tarjetas Cuero natural de vacuno de gran&#8230;<\/p>","protected":false},"featured_media":9731,"comment_status":"open","ping_status":"closed","template":"","meta":{"_kad_blocks_custom_css":"","_kad_blocks_head_custom_js":"","_kad_blocks_body_custom_js":"","_kad_blocks_footer_custom_js":"","_kad_post_transparent":"","_kad_post_title":"","_kad_post_layout":"","_kad_post_sidebar_id":"","_kad_post_content_style":"","_kad_post_vertical_padding":"","_kad_post_feature":"","_kad_post_feature_position":"","_kad_post_header":false,"_kad_post_footer":false,"_kad_post_classname":""},"product_brand":[],"product_cat":[117,181,119],"product_tag":[283,183,184,185],"class_list":{"0":"post-9675","1":"product","2":"type-product","3":"status-publish","4":"has-post-thumbnail","6":"product_cat-para-ellos","7":"product_cat-porta-documentos-para-ellos","8":"product_cat-unisex","9":"product_tag-porta-documentos-cafe","10":"product_tag-porta-documentos-de-cuero","11":"product_tag-porta-documentos-de-hombre","12":"product_tag-porta-documentos-negro","14":"first","15":"instock","16":"taxable","17":"shipping-taxable","18":"purchasable","19":"product-type-variable","20":"entry","21":"content-bg","22":"loop-entry"},"taxonomy_info":{"product_cat":[{"value":117,"label":"PARA ELLOS"},{"value":181,"label":"Porta Documentos"},{"value":119,"label":"UNISEX"}],"product_tag":[{"value":283,"label":"Porta documentos cafe"},{"value":183,"label":"porta documentos de cuero"},{"value":184,"label":"Porta documentos de hombre"},{"value":185,"label":"Porta documentos negro"}]},"featured_image_src_large":["https:\/\/www.pelto.cl\/wp-content\/uploads\/2025\/04\/blend_003_176421-e1689915250454.png",600,600,false],"author_info":[],"comment_info":0,"_links":{"self":[{"href":"https:\/\/www.pelto.cl\/en\/wp-json\/wp\/v2\/product\/9675","targetHints":{"allow":["GET"]}}],"collection":[{"href":"https:\/\/www.pelto.cl\/en\/wp-json\/wp\/v2\/product"}],"about":[{"href":"https:\/\/www.pelto.cl\/en\/wp-json\/wp\/v2\/types\/product"}],"replies":[{"embeddable":true,"href":"https:\/\/www.pelto.cl\/en\/wp-json\/wp\/v2\/comments?post=9675"}],"wp:featuredmedia":[{"embeddable":true,"href":"https:\/\/www.pelto.cl\/en\/wp-json\/wp\/v2\/media\/9731"}],"wp:attachment":[{"href":"https:\/\/www.pelto.cl\/en\/wp-json\/wp\/v2\/media?parent=9675"}],"wp:term":[{"taxonomy":"product_brand","embeddable":true,"href":"https:\/\/www.pelto.cl\/en\/wp-json\/wp\/v2\/product_brand?post=9675"},{"taxonomy":"product_cat","embeddable":true,"href":"https:\/\/www.pelto.cl\/en\/wp-json\/wp\/v2\/product_cat?post=9675"},{"taxonomy":"product_tag","embeddable":true,"href":"https:\/\/www.pelto.cl\/en\/wp-json\/wp\/v2\/product_tag?post=9675"}],"curies":[{"name":"wp","href":"https:\/\/api.w.org\/{rel}","templated":true}]}}