{"id":9670,"date":"2025-04-05T16:08:53","date_gmt":"2025-04-05T16:08:53","guid":{"rendered":"https:\/\/165.140.71.93\/~peltocl\/?post_type=product&#038;p=9670"},"modified":"2025-04-05T16:09:58","modified_gmt":"2025-04-05T16:09:58","slug":"mochila-de-cuero-modelo-paris","status":"publish","type":"product","link":"https:\/\/www.pelto.cl\/en\/product\/mochila-de-cuero-modelo-paris\/","title":{"rendered":"Mochila de Cuero \/ Modelo Par\u00eds"},"content":{"rendered":"<p>Mochila de cuero mujer- Modelo Par\u00eds<\/p>\n<p>Para mujeres libres y soberanas como la Belle France!<\/p>\n<p>Estas buscando dar un toque de color a tus outfit?<\/p>\n<p>El Sofisticado cuero reptil en colores &#8211;\u00a0 rojo verde y gris<\/p>\n<p>Su l\u00ednea ecl\u00e9ctica y vers\u00e1til te dar\u00e1 un toque urbano con la comodidad de una mochila!<\/p>\n<ul>\n<li>Mochila de cuero natural con patr\u00f3n reptil<\/li>\n<li>Dimensiones: 32cm alto x 30cm de ancho x 10cm de fondo<\/li>\n<li>Interior Forrado con tela negra<\/li>\n<li>Un compartimento principal con cremallera doble carro superior<\/li>\n<li>Bolsillo interior con cremallera<\/li>\n<li>Bolsillo en reverso para seguridad de tus pertenencias<\/li>\n<li>Firmes correas de cuero ajustables<\/li>\n<li>Manilla central resistente<\/li>\n<\/ul>\n<p>Mochila de cuero mujer modelo Par\u00eds, una maravilla cosmopolita, inspirada en la cuidad Luz<\/p>\n<p>Hecho a mano<\/p>\n<p>Producto Chileno<\/p>","protected":false},"excerpt":{"rendered":"<p>Mochila de cuero mujer- Modelo Par\u00eds Para mujeres libres y soberanas como la Belle France! Estas buscando dar un toque de color a tus outfit? El Sofisticado cuero reptil en colores &#8211;\u00a0 rojo verde y gris Su l\u00ednea ecl\u00e9ctica y vers\u00e1til te dar\u00e1 un toque urbano con la comodidad de una mochila! Mochila de cuero&#8230;<\/p>","protected":false},"featured_media":9713,"comment_status":"closed","ping_status":"closed","template":"","meta":{"_kad_blocks_custom_css":"","_kad_blocks_head_custom_js":"","_kad_blocks_body_custom_js":"","_kad_blocks_footer_custom_js":"","_kad_post_transparent":"","_kad_post_title":"","_kad_post_layout":"","_kad_post_sidebar_id":"","_kad_post_content_style":"","_kad_post_vertical_padding":"","_kad_post_feature":"","_kad_post_feature_position":"","_kad_post_header":false,"_kad_post_footer":false,"_kad_post_classname":""},"product_brand":[],"product_cat":[137,131],"product_tag":[165,281,167,168,282],"class_list":{"0":"post-9670","1":"product","2":"type-product","3":"status-publish","4":"has-post-thumbnail","6":"product_cat-mochilas-mujer","7":"product_cat-para-ellas","8":"product_tag-mochila-cuero-natural","9":"product_tag-mochila-cuero-rojo","10":"product_tag-mochila-de-cuero-mujer","11":"product_tag-mochila-de-mujer","12":"product_tag-mochila-roja-elegante","14":"first","15":"instock","16":"sold-individually","17":"taxable","18":"shipping-taxable","19":"purchasable","20":"product-type-variable","21":"entry","22":"content-bg","23":"loop-entry"},"taxonomy_info":{"product_cat":[{"value":137,"label":"Mochilas Mujer"},{"value":131,"label":"PARA ELLAS"}],"product_tag":[{"value":165,"label":"mochila cuero natural"},{"value":281,"label":"Mochila cuero rojo"},{"value":167,"label":"mochila de cuero mujer"},{"value":168,"label":"mochila de mujer"},{"value":282,"label":"Mochila roja elegante"}]},"featured_image_src_large":["https:\/\/www.pelto.cl\/wp-content\/uploads\/2025\/04\/OQN-GYi3.2023-04-03_13_21_29.1194821-e1680637286638.png",700,700,false],"author_info":[],"comment_info":0,"_links":{"self":[{"href":"https:\/\/www.pelto.cl\/en\/wp-json\/wp\/v2\/product\/9670","targetHints":{"allow":["GET"]}}],"collection":[{"href":"https:\/\/www.pelto.cl\/en\/wp-json\/wp\/v2\/product"}],"about":[{"href":"https:\/\/www.pelto.cl\/en\/wp-json\/wp\/v2\/types\/product"}],"replies":[{"embeddable":true,"href":"https:\/\/www.pelto.cl\/en\/wp-json\/wp\/v2\/comments?post=9670"}],"wp:featuredmedia":[{"embeddable":true,"href":"https:\/\/www.pelto.cl\/en\/wp-json\/wp\/v2\/media\/9713"}],"wp:attachment":[{"href":"https:\/\/www.pelto.cl\/en\/wp-json\/wp\/v2\/media?parent=9670"}],"wp:term":[{"taxonomy":"product_brand","embeddable":true,"href":"https:\/\/www.pelto.cl\/en\/wp-json\/wp\/v2\/product_brand?post=9670"},{"taxonomy":"product_cat","embeddable":true,"href":"https:\/\/www.pelto.cl\/en\/wp-json\/wp\/v2\/product_cat?post=9670"},{"taxonomy":"product_tag","embeddable":true,"href":"https:\/\/www.pelto.cl\/en\/wp-json\/wp\/v2\/product_tag?post=9670"}],"curies":[{"name":"wp","href":"https:\/\/api.w.org\/{rel}","templated":true}]}}