{"id":9613,"date":"2025-04-05T16:07:41","date_gmt":"2025-04-05T16:07:41","guid":{"rendered":"https:\/\/165.140.71.93\/~peltocl\/?post_type=product&#038;p=9613"},"modified":"2025-12-06T17:35:13","modified_gmt":"2025-12-06T20:35:13","slug":"billetera-cuero-mujer-sonia-marino-charol","status":"publish","type":"product","link":"https:\/\/www.pelto.cl\/en\/product\/billetera-cuero-mujer-sonia-marino-charol\/","title":{"rendered":"Billetera Cuero Mujer &#8211; Sonia Marino Charol"},"content":{"rendered":"<p>Billetera cuero Mujer &#8211; Modelo Sonia<\/p>\n<p>Billetera femenina finamente confeccionada a mano, de tama\u00f1o compacto, es un accesorio de aspecto refinado y chic! confeccionada en elegante cuero natural azul en diferentes combinaciones, cada modelo es especial para darle color a tus looks.<\/p>\n<ul>\n<li>Cuero natural 100% genuino de vacuno<\/li>\n<li>Medidas 11cm x 9cm<\/li>\n<li>Broche magn\u00e9tico<\/li>\n<li>Tiene un monedero con cremallera en reverso<\/li>\n<li>11 espacios tipo tarjetero<\/li>\n<li>1 visor transparente<\/li>\n<li>costuras en el tono<\/li>\n<li>Confeccionada a mano en Chile<\/li>\n<\/ul>\n<p>*El cuero de origen natural puede presentar peque\u00f1as variaciones en el tono y presentar sutiles detalles en su superficie, los que en ning\u00fan caso afectar\u00edan su gran calidad, durabilidad y belleza.<\/p>\n<p>&nbsp;<\/p>","protected":false},"excerpt":{"rendered":"<p>Billetera cuero Mujer &#8211; Modelo Sonia Billetera femenina finamente confeccionada a mano, de tama\u00f1o compacto, es un accesorio de aspecto refinado y chic! confeccionada en elegante cuero natural azul en diferentes combinaciones, cada modelo es especial para darle color a tus looks. Cuero natural 100% genuino de vacuno Medidas 11cm x 9cm Broche magn\u00e9tico Tiene&#8230;<\/p>","protected":false},"featured_media":9662,"comment_status":"open","ping_status":"closed","template":"","meta":{"_kad_blocks_custom_css":"","_kad_blocks_head_custom_js":"","_kad_blocks_body_custom_js":"","_kad_blocks_footer_custom_js":"","_kad_post_transparent":"default","_kad_post_title":"","_kad_post_layout":"default","_kad_post_sidebar_id":"","_kad_post_content_style":"default","_kad_post_vertical_padding":"default","_kad_post_feature":"","_kad_post_feature_position":"","_kad_post_header":false,"_kad_post_footer":false,"_kad_post_classname":""},"product_brand":[],"product_cat":[146,131],"product_tag":[240,151,241,153,242],"class_list":{"0":"post-9613","1":"product","2":"type-product","3":"status-publish","4":"has-post-thumbnail","6":"product_cat-billeteras-mujer","7":"product_cat-para-ellas","8":"product_tag-billetera-azul-mujer","9":"product_tag-billetera-de-cuero-azul","10":"product_tag-billetera-de-cuero-mujer","11":"product_tag-billetera-de-cuero-natural","12":"product_tag-regalo-para-mujer","14":"first","15":"instock","16":"taxable","17":"shipping-taxable","18":"purchasable","19":"product-type-simple","20":"entry","21":"content-bg","22":"loop-entry"},"taxonomy_info":{"product_cat":[{"value":146,"label":"Billeteras Mujer"},{"value":131,"label":"PARA ELLAS"}],"product_tag":[{"value":240,"label":"billetera azul mujer"},{"value":151,"label":"Billetera de cuero azul"},{"value":241,"label":"billetera de cuero mujer"},{"value":153,"label":"Billetera de cuero natural"},{"value":242,"label":"regalo para mujer"}]},"featured_image_src_large":["https:\/\/www.pelto.cl\/wp-content\/uploads\/2025\/04\/billetera-azul-marino-e1681737731974.png",600,600,false],"author_info":[],"comment_info":0,"_links":{"self":[{"href":"https:\/\/www.pelto.cl\/en\/wp-json\/wp\/v2\/product\/9613","targetHints":{"allow":["GET"]}}],"collection":[{"href":"https:\/\/www.pelto.cl\/en\/wp-json\/wp\/v2\/product"}],"about":[{"href":"https:\/\/www.pelto.cl\/en\/wp-json\/wp\/v2\/types\/product"}],"replies":[{"embeddable":true,"href":"https:\/\/www.pelto.cl\/en\/wp-json\/wp\/v2\/comments?post=9613"}],"wp:featuredmedia":[{"embeddable":true,"href":"https:\/\/www.pelto.cl\/en\/wp-json\/wp\/v2\/media\/9662"}],"wp:attachment":[{"href":"https:\/\/www.pelto.cl\/en\/wp-json\/wp\/v2\/media?parent=9613"}],"wp:term":[{"taxonomy":"product_brand","embeddable":true,"href":"https:\/\/www.pelto.cl\/en\/wp-json\/wp\/v2\/product_brand?post=9613"},{"taxonomy":"product_cat","embeddable":true,"href":"https:\/\/www.pelto.cl\/en\/wp-json\/wp\/v2\/product_cat?post=9613"},{"taxonomy":"product_tag","embeddable":true,"href":"https:\/\/www.pelto.cl\/en\/wp-json\/wp\/v2\/product_tag?post=9613"}],"curies":[{"name":"wp","href":"https:\/\/api.w.org\/{rel}","templated":true}]}}