{"id":9572,"date":"2025-04-05T16:06:55","date_gmt":"2025-04-05T16:06:55","guid":{"rendered":"https:\/\/165.140.71.93\/~peltocl\/?post_type=product&#038;p=9572"},"modified":"2026-02-14T22:54:05","modified_gmt":"2026-02-15T01:54:05","slug":"neceser-xl","status":"publish","type":"product","link":"https:\/\/www.pelto.cl\/en\/product\/neceser-xl\/","title":{"rendered":"Neceser de Cuero XL"},"content":{"rendered":"<p>Neceser\u00a0 de Cuero XL<\/p>\n<ul>\n<li>Confeccionado en cuero graso, mezcla de un dise\u00f1o cl\u00e1sico con mayor capacidad y espacio.<\/li>\n<li>Este modelo ser\u00e1 un aliado en tus viajes y organizaci\u00f3n para salidas de trabajo o vacaciones, donde podr\u00e1s organizar tus enseres y mucho mas. Tambi\u00e9n por su tama\u00f1o y bonito aspecto, podr\u00e1s usarlo como bolso de mano cuando quieras!<\/li>\n<li>Nosotros le llamamos, est\u00e9tica funcional- neceser de cuero grande un gigante con estilo<\/li>\n<li>Medidas: 26cm x 13cm x 10cm<\/li>\n<li>Colores disponibles: Caf\u00e9 y caf\u00e9 moro<\/li>\n<\/ul>\n<p>*Los productos de cuero natural, pueden presentar variaciones en su tonalidad o marcas leves, ya que es un producto animal. Sin embargo,en ning\u00fan caso afectar\u00e1 la calidad, est\u00e9tica del dise\u00f1o o durabilidad de este noble material.<\/p>","protected":false},"excerpt":{"rendered":"<p>Conoce el <strong>Neceser de Cuero XL<\/strong>, el compa\u00f1ero ideal para tus viajes y tu d\u00eda a d\u00eda.<\/p>\n<p>Hecho en cuero graso de alta calidad, combina un dise\u00f1o cl\u00e1sico con gran capacidad, para que lleves todo lo que necesitas bien organizado y siempre a mano. Perfecto para escapadas, vacaciones o salidas de trabajo, donde el orden y el estilo s\u00ed importan.<\/p>\n<p>\u00bfLo mejor? Por su tama\u00f1o y look elegante, tambi\u00e9n lo puedes usar como bolso de mano cuando quieras verte m\u00e1s producido\/a sin perder funcionalidad.<\/p>\n<p>Pr\u00e1ctico, resistente y con toda la onda. Un b\u00e1sico infaltable si te gusta viajar ligero, pero con estilo.<\/p>","protected":false},"featured_media":9656,"comment_status":"open","ping_status":"closed","template":"","meta":{"_kad_blocks_custom_css":"","_kad_blocks_head_custom_js":"","_kad_blocks_body_custom_js":"","_kad_blocks_footer_custom_js":"","_kad_post_transparent":"default","_kad_post_title":"","_kad_post_layout":"default","_kad_post_sidebar_id":"","_kad_post_content_style":"default","_kad_post_vertical_padding":"default","_kad_post_feature":"","_kad_post_feature_position":"","_kad_post_header":false,"_kad_post_footer":false,"_kad_post_classname":""},"product_brand":[],"product_cat":[201,117,119],"product_tag":[231,202,217,203],"class_list":{"0":"post-9572","1":"product","2":"type-product","3":"status-publish","4":"has-post-thumbnail","6":"product_cat-neceser-hombre","7":"product_cat-para-ellos","8":"product_cat-unisex","9":"product_tag-bolso-de-mano","10":"product_tag-bolso-de-viaje-hombre","11":"product_tag-neceser-cuero-cafe","12":"product_tag-neceser-de-cuero","14":"first","15":"instock","16":"taxable","17":"shipping-taxable","18":"purchasable","19":"product-type-variable","20":"entry","21":"content-bg","22":"loop-entry"},"taxonomy_info":{"product_cat":[{"value":201,"label":"Neceser Hombre"},{"value":117,"label":"PARA ELLOS"},{"value":119,"label":"UNISEX"}],"product_tag":[{"value":231,"label":"Bolso de mano"},{"value":202,"label":"Bolso de viaje hombre"},{"value":217,"label":"neceser cuero cafe"},{"value":203,"label":"Neceser de cuero"}]},"featured_image_src_large":["https:\/\/www.pelto.cl\/wp-content\/uploads\/2025\/04\/blend0605241720371-e1717729365620.png",300,300,false],"author_info":[],"comment_info":0,"_links":{"self":[{"href":"https:\/\/www.pelto.cl\/en\/wp-json\/wp\/v2\/product\/9572","targetHints":{"allow":["GET"]}}],"collection":[{"href":"https:\/\/www.pelto.cl\/en\/wp-json\/wp\/v2\/product"}],"about":[{"href":"https:\/\/www.pelto.cl\/en\/wp-json\/wp\/v2\/types\/product"}],"replies":[{"embeddable":true,"href":"https:\/\/www.pelto.cl\/en\/wp-json\/wp\/v2\/comments?post=9572"}],"wp:featuredmedia":[{"embeddable":true,"href":"https:\/\/www.pelto.cl\/en\/wp-json\/wp\/v2\/media\/9656"}],"wp:attachment":[{"href":"https:\/\/www.pelto.cl\/en\/wp-json\/wp\/v2\/media?parent=9572"}],"wp:term":[{"taxonomy":"product_brand","embeddable":true,"href":"https:\/\/www.pelto.cl\/en\/wp-json\/wp\/v2\/product_brand?post=9572"},{"taxonomy":"product_cat","embeddable":true,"href":"https:\/\/www.pelto.cl\/en\/wp-json\/wp\/v2\/product_cat?post=9572"},{"taxonomy":"product_tag","embeddable":true,"href":"https:\/\/www.pelto.cl\/en\/wp-json\/wp\/v2\/product_tag?post=9572"}],"curies":[{"name":"wp","href":"https:\/\/api.w.org\/{rel}","templated":true}]}}