{"id":9570,"date":"2025-04-05T16:06:55","date_gmt":"2025-04-05T16:06:55","guid":{"rendered":"https:\/\/165.140.71.93\/~peltocl\/?post_type=product&#038;p=9570"},"modified":"2026-01-02T14:35:16","modified_gmt":"2026-01-02T17:35:16","slug":"cinturon-de-cuero-negro","status":"publish","type":"product","link":"https:\/\/www.pelto.cl\/en\/product\/cinturon-de-cuero-negro\/","title":{"rendered":"Cintur\u00f3n de Cuero Negro"},"content":{"rendered":"<p>Cintur\u00f3n de cuero negro, un accesorio imprescindible si deseas lucir\u00a0 un estilo versatil y casual. Creado a mano por nuestros artesanos expertos, su calidad y lo cl\u00e1sico de su dise\u00f1o, te permitir\u00e1 verte bien con jeans o con un ambo formal.<\/p>\n<ul>\n<li>Cuero aut\u00e9ntico de vacuno<\/li>\n<li>Ancho de 4cm<\/li>\n<li>Cuero premium con un agradable aspecto de semi brillo<\/li>\n<li>Confeccionado en pieza \u00fanica<\/li>\n<li>Hebilla met\u00e1lica niquelada tono plata<\/li>\n<li>su embalaje ofrece una caja de cart\u00f3n<\/li>\n<\/ul>\n<p>Elegancia y calidad con este cintur\u00f3n de cuero fabricado con excelencia en nuestros talleres<\/p>\n<p>*Los accesorios de cuero natural, al ser una materia prima animal, pueden presentar leves variaciones en su tono y superficie, las que en ning\u00fan caso, afectar\u00e1 la calidad, durabilidad y belleza de su producto.<\/p>\n<p>&nbsp;<\/p>","protected":false},"excerpt":{"rendered":"<p>Cintur\u00f3n de cuero negro, un accesorio imprescindible si deseas lucir\u00a0 un estilo versatil y casual. Creado a mano por nuestros artesanos expertos, su calidad y lo cl\u00e1sico de su dise\u00f1o, te permitir\u00e1 verte bien con jeans o con un ambo formal. Cuero aut\u00e9ntico de vacuno Ancho de 4cm Cuero premium con un agradable aspecto de&#8230;<\/p>","protected":false},"featured_media":9651,"comment_status":"closed","ping_status":"closed","template":"","meta":{"_kad_blocks_custom_css":"","_kad_blocks_head_custom_js":"","_kad_blocks_body_custom_js":"","_kad_blocks_footer_custom_js":"","_kad_post_transparent":"default","_kad_post_title":"","_kad_post_layout":"default","_kad_post_sidebar_id":"","_kad_post_content_style":"default","_kad_post_vertical_padding":"default","_kad_post_feature":"","_kad_post_feature_position":"","_kad_post_header":false,"_kad_post_footer":false,"_kad_post_classname":""},"product_brand":[],"product_cat":[227,117],"product_tag":[228,229],"class_list":{"0":"post-9570","1":"product","2":"type-product","3":"status-publish","4":"has-post-thumbnail","6":"product_cat-cinturon-de-cuero","7":"product_cat-para-ellos","8":"product_tag-cinturon-de-cuero-hombre","9":"product_tag-cinturon-de-cuero-natural","11":"first","12":"instock","13":"taxable","14":"shipping-taxable","15":"purchasable","16":"product-type-variable","17":"entry","18":"content-bg","19":"loop-entry"},"taxonomy_info":{"product_cat":[{"value":227,"label":"Cintur\u00f3n de Cuero"},{"value":117,"label":"PARA ELLOS"}],"product_tag":[{"value":228,"label":"cintur\u00f3n de cuero hombre"},{"value":229,"label":"cintur\u00f3n de cuero natural"}]},"featured_image_src_large":["https:\/\/www.pelto.cl\/wp-content\/uploads\/2025\/04\/S8IYrxf1.2023-01-18_02_15_18.6489281-e1681737035759.png",600,600,false],"author_info":[],"comment_info":0,"_links":{"self":[{"href":"https:\/\/www.pelto.cl\/en\/wp-json\/wp\/v2\/product\/9570","targetHints":{"allow":["GET"]}}],"collection":[{"href":"https:\/\/www.pelto.cl\/en\/wp-json\/wp\/v2\/product"}],"about":[{"href":"https:\/\/www.pelto.cl\/en\/wp-json\/wp\/v2\/types\/product"}],"replies":[{"embeddable":true,"href":"https:\/\/www.pelto.cl\/en\/wp-json\/wp\/v2\/comments?post=9570"}],"wp:featuredmedia":[{"embeddable":true,"href":"https:\/\/www.pelto.cl\/en\/wp-json\/wp\/v2\/media\/9651"}],"wp:attachment":[{"href":"https:\/\/www.pelto.cl\/en\/wp-json\/wp\/v2\/media?parent=9570"}],"wp:term":[{"taxonomy":"product_brand","embeddable":true,"href":"https:\/\/www.pelto.cl\/en\/wp-json\/wp\/v2\/product_brand?post=9570"},{"taxonomy":"product_cat","embeddable":true,"href":"https:\/\/www.pelto.cl\/en\/wp-json\/wp\/v2\/product_cat?post=9570"},{"taxonomy":"product_tag","embeddable":true,"href":"https:\/\/www.pelto.cl\/en\/wp-json\/wp\/v2\/product_tag?post=9570"}],"curies":[{"name":"wp","href":"https:\/\/api.w.org\/{rel}","templated":true}]}}