{"id":9553,"date":"2025-04-05T16:06:34","date_gmt":"2025-04-05T16:06:34","guid":{"rendered":"https:\/\/165.140.71.93\/~peltocl\/?post_type=product&#038;p=9553"},"modified":"2026-03-12T12:12:48","modified_gmt":"2026-03-12T15:12:48","slug":"billetera-rustica-castano","status":"publish","type":"product","link":"https:\/\/www.pelto.cl\/en\/product\/billetera-rustica-castano\/","title":{"rendered":"Billetera R\u00fastica Casta\u00f1o"},"content":{"rendered":"<p>BILLETERA CUERO R\u00daSTICA<\/p>\n<p>Confeccionada a mano en un resistente y elegante cuero graso, es la elecci\u00f3n ideal para el hombre moderno que valora la calidad y la distinci\u00f3n en cada detalle.<\/p>\n<p>Haz una declaraci\u00f3n de estilo con nuestra billetera hoy mismo!<\/p>\n<p>Sus detalles la hacen \u00fanica:<\/p>\n<ul>\n<li>Cuero graso natural<\/li>\n<li>Dos Compartimentos porta billetes<\/li>\n<li>Seis espacios horizontales para portar tarjetas<\/li>\n<li>Dos espacios verticales porta tarjetas<\/li>\n<li>Sin Pasador<\/li>\n<li>Medidas 11cm largo x 8.7cm ancho<\/li>\n<li>Tarjetero central desmontable con dos micas transparentes, que podr\u00e1s juntar o separar cuando quieras!<\/li>\n<li>Incluye caja de regalo<\/li>\n<\/ul>\n<p>*<em>Cuero graso\u00a0<\/em>: El m\u00e1s resistente al agua. Con este tratamiento se reponen los aceites naturales del cuero tras el proceso de curtido. El engrasado hace que el cuero se mantenga m\u00e1s flexible e impide que se vuelva quebradizo, d\u00e1ndole un mayor tiempo de vida.<\/p>\n<p>*Importante: El cuero natural es un elemento de origen animal, el cual puede presentar variaciones leves en su aspecto y tonalidad, lo que en ning\u00fan caso afectar\u00e1 su gran belleza, calidad y durabilidad.<\/p>","protected":false},"excerpt":{"rendered":"<p>BILLETERA CUERO R\u00daSTICA Confeccionada a mano en un resistente y elegante cuero graso, es la elecci\u00f3n ideal para el hombre moderno que valora la calidad y la distinci\u00f3n en cada detalle. Haz una declaraci\u00f3n de estilo con nuestra billetera hoy mismo! Sus detalles la hacen \u00fanica: Cuero graso natural Dos Compartimentos porta billetes Seis espacios&#8230;<\/p>","protected":false},"featured_media":9637,"comment_status":"open","ping_status":"closed","template":"","meta":{"_kad_blocks_custom_css":"","_kad_blocks_head_custom_js":"","_kad_blocks_body_custom_js":"","_kad_blocks_footer_custom_js":"","_kad_post_transparent":"default","_kad_post_title":"","_kad_post_layout":"default","_kad_post_sidebar_id":"","_kad_post_content_style":"default","_kad_post_vertical_padding":"default","_kad_post_feature":"","_kad_post_feature_position":"","_kad_post_header":false,"_kad_post_footer":false,"_kad_post_classname":""},"product_brand":[],"product_cat":[220,117,182],"product_tag":[221,222,223],"class_list":{"0":"post-9553","1":"product","2":"type-product","3":"status-publish","4":"has-post-thumbnail","6":"product_cat-billeteras-hombre","7":"product_cat-para-ellos","8":"product_cat-regalos-corporativos","9":"product_tag-billetera-de-cuero-hombre","10":"product_tag-billetera-hombre","11":"product_tag-billetera-hombre-cafe","13":"first","14":"instock","15":"taxable","16":"shipping-taxable","17":"purchasable","18":"product-type-variable","19":"entry","20":"content-bg","21":"loop-entry"},"taxonomy_info":{"product_cat":[{"value":220,"label":"Billeteras Hombre"},{"value":117,"label":"PARA ELLOS"},{"value":182,"label":"REGALOS CORPORATIVOS"}],"product_tag":[{"value":221,"label":"Billetera de cuero hombre"},{"value":222,"label":"billetera hombre"},{"value":223,"label":"Billetera hombre cafe"}]},"featured_image_src_large":["https:\/\/www.pelto.cl\/wp-content\/uploads\/2025\/04\/blend0103241920231-e1711999781206.png",400,370,false],"author_info":[],"comment_info":0,"_links":{"self":[{"href":"https:\/\/www.pelto.cl\/en\/wp-json\/wp\/v2\/product\/9553","targetHints":{"allow":["GET"]}}],"collection":[{"href":"https:\/\/www.pelto.cl\/en\/wp-json\/wp\/v2\/product"}],"about":[{"href":"https:\/\/www.pelto.cl\/en\/wp-json\/wp\/v2\/types\/product"}],"replies":[{"embeddable":true,"href":"https:\/\/www.pelto.cl\/en\/wp-json\/wp\/v2\/comments?post=9553"}],"wp:featuredmedia":[{"embeddable":true,"href":"https:\/\/www.pelto.cl\/en\/wp-json\/wp\/v2\/media\/9637"}],"wp:attachment":[{"href":"https:\/\/www.pelto.cl\/en\/wp-json\/wp\/v2\/media?parent=9553"}],"wp:term":[{"taxonomy":"product_brand","embeddable":true,"href":"https:\/\/www.pelto.cl\/en\/wp-json\/wp\/v2\/product_brand?post=9553"},{"taxonomy":"product_cat","embeddable":true,"href":"https:\/\/www.pelto.cl\/en\/wp-json\/wp\/v2\/product_cat?post=9553"},{"taxonomy":"product_tag","embeddable":true,"href":"https:\/\/www.pelto.cl\/en\/wp-json\/wp\/v2\/product_tag?post=9553"}],"curies":[{"name":"wp","href":"https:\/\/api.w.org\/{rel}","templated":true}]}}