{"id":9537,"date":"2025-04-05T16:06:09","date_gmt":"2025-04-05T16:06:09","guid":{"rendered":"https:\/\/165.140.71.93\/~peltocl\/?post_type=product&#038;p=9537"},"modified":"2025-04-05T16:07:54","modified_gmt":"2025-04-05T16:07:54","slug":"neceser-cuero-flores","status":"publish","type":"product","link":"https:\/\/www.pelto.cl\/en\/product\/neceser-cuero-flores\/","title":{"rendered":"Neceser Cuero Flores"},"content":{"rendered":"<p>Neceser de cuero flores, mezcla de un dise\u00f1o cl\u00e1sico en su m\u00ednima expresi\u00f3n de comodidad y espacio.<\/p>\n<p>Creado en cuero floreado en tonos tierra, este modelo ser\u00e1 un fiel compa\u00f1ero en tus viajes y organizaci\u00f3n para salidas express, donde puede caber f\u00e1cilmente en tu cartera, mochila o en tu bolso de mano, muy discreto y seguro.<\/p>\n<p>Nosotros le llamamos, est\u00e9tica funcional- neceser de cuero flores<\/p>\n<p>Medidas: 17cm x 9cm x 6cm<\/p>\n<p>*Los productos de cuero natural, pueden presentar variaciones en su tonalidad o marcas leves, ya que es un producto animal. Sin embargo,en ning\u00fan caso afectar\u00e1 la calidad, est\u00e9tica del dise\u00f1o o durabilidad de este noble material.<\/p>","protected":false},"excerpt":{"rendered":"<p>NECESER DE HOMBRE<\/p>\n<p>Un elemental para todo viaje o paseo , acompa\u00f1ando tus vacaciones y salidas de negocios ! Ademas de funcional y protector de tus enseres personales, brinda orden y funcionalidad.<\/p>\n<ul>\n<li>Bolso de cuero natural de vacuno<\/li>\n<li>Color caf\u00e9<\/li>\n<li>Manilla<\/li>\n<li>Cuerpo \u00fanico principal con cremallera<\/li>\n<li>Bolsillo interior con cremallera<\/li>\n<li>2 Bolsillos exteriores\u00a0 con cremallera<\/li>\n<li>Medidas 12cm alto x 23cm de largo x 7cm de fondo<\/li>\n<\/ul>\n<p>Te encantar\u00e1!!!<\/p>","protected":false},"featured_media":9622,"comment_status":"open","ping_status":"closed","template":"","meta":{"_kad_blocks_custom_css":"","_kad_blocks_head_custom_js":"","_kad_blocks_body_custom_js":"","_kad_blocks_footer_custom_js":"","_kad_post_transparent":"","_kad_post_title":"","_kad_post_layout":"","_kad_post_sidebar_id":"","_kad_post_content_style":"","_kad_post_vertical_padding":"","_kad_post_feature":"","_kad_post_feature_position":"","_kad_post_header":false,"_kad_post_footer":false,"_kad_post_classname":""},"product_brand":[],"product_cat":[142,131,119],"product_tag":[143,218,203,219],"class_list":{"0":"post-9537","1":"product","2":"type-product","3":"status-publish","4":"has-post-thumbnail","6":"product_cat-cosmetiqueros-y-estuches","7":"product_cat-para-ellas","8":"product_cat-unisex","9":"product_tag-cosmetiquero-de-cuero","10":"product_tag-estuche-de-cuero","11":"product_tag-neceser-de-cuero","12":"product_tag-neceser-de-cuero-flores","14":"first","15":"instock","16":"taxable","17":"shipping-taxable","18":"purchasable","19":"product-type-simple","20":"entry","21":"content-bg","22":"loop-entry"},"taxonomy_info":{"product_cat":[{"value":142,"label":"Cosmetiqueros y estuches"},{"value":131,"label":"PARA ELLAS"},{"value":119,"label":"UNISEX"}],"product_tag":[{"value":143,"label":"Cosmetiquero de cuero"},{"value":218,"label":"estuche de cuero"},{"value":203,"label":"Neceser de cuero"},{"value":219,"label":"neceser de cuero flores"}]},"featured_image_src_large":["https:\/\/www.pelto.cl\/wp-content\/uploads\/2025\/04\/wos-rWik.2022-12-07_23_07_29.5443621-e1671423197498.png",600,600,false],"author_info":[],"comment_info":0,"_links":{"self":[{"href":"https:\/\/www.pelto.cl\/en\/wp-json\/wp\/v2\/product\/9537","targetHints":{"allow":["GET"]}}],"collection":[{"href":"https:\/\/www.pelto.cl\/en\/wp-json\/wp\/v2\/product"}],"about":[{"href":"https:\/\/www.pelto.cl\/en\/wp-json\/wp\/v2\/types\/product"}],"replies":[{"embeddable":true,"href":"https:\/\/www.pelto.cl\/en\/wp-json\/wp\/v2\/comments?post=9537"}],"wp:featuredmedia":[{"embeddable":true,"href":"https:\/\/www.pelto.cl\/en\/wp-json\/wp\/v2\/media\/9622"}],"wp:attachment":[{"href":"https:\/\/www.pelto.cl\/en\/wp-json\/wp\/v2\/media?parent=9537"}],"wp:term":[{"taxonomy":"product_brand","embeddable":true,"href":"https:\/\/www.pelto.cl\/en\/wp-json\/wp\/v2\/product_brand?post=9537"},{"taxonomy":"product_cat","embeddable":true,"href":"https:\/\/www.pelto.cl\/en\/wp-json\/wp\/v2\/product_cat?post=9537"},{"taxonomy":"product_tag","embeddable":true,"href":"https:\/\/www.pelto.cl\/en\/wp-json\/wp\/v2\/product_tag?post=9537"}],"curies":[{"name":"wp","href":"https:\/\/api.w.org\/{rel}","templated":true}]}}