{"id":9536,"date":"2025-04-05T16:06:09","date_gmt":"2025-04-05T16:06:09","guid":{"rendered":"https:\/\/165.140.71.93\/~peltocl\/?post_type=product&#038;p=9536"},"modified":"2026-02-14T23:31:51","modified_gmt":"2026-02-15T02:31:51","slug":"neceser-cuero-graso","status":"publish","type":"product","link":"https:\/\/www.pelto.cl\/en\/product\/neceser-cuero-graso\/","title":{"rendered":"Neceser Cuero Compacto"},"content":{"rendered":"<p><strong>Neceser cuero compacto &#8211; cuero natural vacuno<\/strong><\/p>\n<p>Accesorio Neceser fabricado en cuero graso, este modelo ser\u00e1 un aliado en tus viajes y organizaci\u00f3n de tus implementos de aseo, para salidas express, viajes o salidas a terreno. Su forma rectangular y flexibilidad destacad por el cuero de vacuno flexible y elastico, permite llevarlo f\u00e1cilmente en tu mochila o en tu bolso de mano.<\/p>\n<p>Utilidad funcional, para organizar tus implementos personales con elegancia, un toque urbano y moderno.<\/p>\n<ul>\n<li>Material cuero natural de vacuno, terminacion semi brillo<\/li>\n<li>Medidas: 17cm de largo x 9cm de ancho x 6cm de alto<\/li>\n<li>Color casta\u00f1o medio<\/li>\n<li>Cierre de apertura \u00fanica en cara superior<\/li>\n<li>Correa de cuero<\/li>\n<li>Suave y flexible al tacto<\/li>\n<li>Resistencia m\u00e1xima al uso diario<\/li>\n<\/ul>\n<p>*Los productos de cuero natural, pueden presentar variaciones en su tonalidad o marcas leves, ya que es un producto animal. Sin embargo,en ning\u00fan caso afectar\u00e1 la calidad, est\u00e9tica del dise\u00f1o o durabilidad de este noble material.<\/p>","protected":false},"excerpt":{"rendered":"<p>Neceser cuero compacto &#8211; cuero natural vacuno Accesorio Neceser fabricado en cuero graso, este modelo ser\u00e1 un aliado en tus viajes y organizaci\u00f3n de tus implementos de aseo, para salidas express, viajes o salidas a terreno. Su forma rectangular y flexibilidad destacad por el cuero de vacuno flexible y elastico, permite llevarlo f\u00e1cilmente en tu&#8230;<\/p>","protected":false},"featured_media":11243,"comment_status":"open","ping_status":"closed","template":"","meta":{"_kad_blocks_custom_css":"","_kad_blocks_head_custom_js":"","_kad_blocks_body_custom_js":"","_kad_blocks_footer_custom_js":"","_kad_post_transparent":"default","_kad_post_title":"","_kad_post_layout":"default","_kad_post_sidebar_id":"","_kad_post_content_style":"default","_kad_post_vertical_padding":"default","_kad_post_feature":"","_kad_post_feature_position":"","_kad_post_header":false,"_kad_post_footer":false,"_kad_post_classname":""},"product_brand":[],"product_cat":[201,117,182,119],"product_tag":[217,203],"class_list":{"0":"post-9536","1":"product","2":"type-product","3":"status-publish","4":"has-post-thumbnail","6":"product_cat-neceser-hombre","7":"product_cat-para-ellos","8":"product_cat-regalos-corporativos","9":"product_cat-unisex","10":"product_tag-neceser-cuero-cafe","11":"product_tag-neceser-de-cuero","13":"first","14":"instock","15":"taxable","16":"shipping-taxable","17":"purchasable","18":"product-type-simple","19":"entry","20":"content-bg","21":"loop-entry"},"taxonomy_info":{"product_cat":[{"value":201,"label":"Neceser Hombre"},{"value":117,"label":"PARA ELLOS"},{"value":182,"label":"REGALOS CORPORATIVOS"},{"value":119,"label":"UNISEX"}],"product_tag":[{"value":217,"label":"neceser cuero cafe"},{"value":203,"label":"Neceser de cuero"}]},"featured_image_src_large":["https:\/\/www.pelto.cl\/wp-content\/uploads\/2025\/04\/neceser-compacto-1024x1024.png",1024,1024,true],"author_info":[],"comment_info":0,"_links":{"self":[{"href":"https:\/\/www.pelto.cl\/en\/wp-json\/wp\/v2\/product\/9536","targetHints":{"allow":["GET"]}}],"collection":[{"href":"https:\/\/www.pelto.cl\/en\/wp-json\/wp\/v2\/product"}],"about":[{"href":"https:\/\/www.pelto.cl\/en\/wp-json\/wp\/v2\/types\/product"}],"replies":[{"embeddable":true,"href":"https:\/\/www.pelto.cl\/en\/wp-json\/wp\/v2\/comments?post=9536"}],"wp:featuredmedia":[{"embeddable":true,"href":"https:\/\/www.pelto.cl\/en\/wp-json\/wp\/v2\/media\/11243"}],"wp:attachment":[{"href":"https:\/\/www.pelto.cl\/en\/wp-json\/wp\/v2\/media?parent=9536"}],"wp:term":[{"taxonomy":"product_brand","embeddable":true,"href":"https:\/\/www.pelto.cl\/en\/wp-json\/wp\/v2\/product_brand?post=9536"},{"taxonomy":"product_cat","embeddable":true,"href":"https:\/\/www.pelto.cl\/en\/wp-json\/wp\/v2\/product_cat?post=9536"},{"taxonomy":"product_tag","embeddable":true,"href":"https:\/\/www.pelto.cl\/en\/wp-json\/wp\/v2\/product_tag?post=9536"}],"curies":[{"name":"wp","href":"https:\/\/api.w.org\/{rel}","templated":true}]}}