{"id":9516,"date":"2025-04-05T16:05:47","date_gmt":"2025-04-05T16:05:47","guid":{"rendered":"https:\/\/165.140.71.93\/~peltocl\/?post_type=product&#038;p=9516"},"modified":"2026-01-06T16:24:10","modified_gmt":"2026-01-06T19:24:10","slug":"banano-cuero-selknam","status":"publish","type":"product","link":"https:\/\/www.pelto.cl\/en\/product\/banano-cuero-selknam\/","title":{"rendered":"Banano Cuero Selknam"},"content":{"rendered":"<p>Banano Cuero Selknam<\/p>\n<p>Inspirados en el Haim Ceremonial de Tierra del Fuego, este guerrero te acompa\u00f1ar\u00e1 por el mundo como tu mejor aliado. Dest\u00e1cate con un accesorio c\u00f3modo y elegante, sin descuidar tu estilo casual y urbano.<\/p>\n<p>Banano de cuero natural, dise\u00f1o cl\u00e1sico, tama\u00f1o S,\u00a0 confeccionado en cuero de primera.<\/p>\n<ul>\n<li>Cuero natural de vacuno<\/li>\n<li>Medidas: 30cm de largo x 11 cm de alto x 7cm de fondo<\/li>\n<li>2 compartimentos con cierre<\/li>\n<li>1 Espacio principal, donde podr\u00e1s guardar lo esencial &#8230; billetera, celular, pa\u00f1uelos, etc.<\/li>\n<li>1 Bolsillo frontal \u00fatil para llaves, tarjetas y monedas<\/li>\n<li>Correa ajustable de cuero<\/li>\n<li>Metales en tono bronce envejecido<\/li>\n<\/ul>\n<p>Este banano de cuero, es ideal para trasladar con poco volumen lo esencial, practico y elegante!<\/p>","protected":false},"excerpt":{"rendered":"<p>Banano Cuero Selknam Inspirados en el Haim Ceremonial de Tierra del Fuego, este guerrero te acompa\u00f1ar\u00e1 por el mundo como tu mejor aliado. Dest\u00e1cate con un accesorio c\u00f3modo y elegante, sin descuidar tu estilo casual y urbano. Banano de cuero natural, dise\u00f1o cl\u00e1sico, tama\u00f1o S,\u00a0 confeccionado en cuero de primera. Cuero natural de vacuno Medidas:&#8230;<\/p>","protected":false},"featured_media":9689,"comment_status":"open","ping_status":"closed","template":"","meta":{"_kad_blocks_custom_css":"","_kad_blocks_head_custom_js":"","_kad_blocks_body_custom_js":"","_kad_blocks_footer_custom_js":"","_kad_post_transparent":"default","_kad_post_title":"","_kad_post_layout":"default","_kad_post_sidebar_id":"","_kad_post_content_style":"default","_kad_post_vertical_padding":"default","_kad_post_feature":"","_kad_post_feature_position":"","_kad_post_header":false,"_kad_post_footer":false,"_kad_post_classname":""},"product_brand":[],"product_cat":[118,158,117,127],"product_tag":[251,252,122,253],"class_list":{"0":"post-9516","1":"product","2":"type-product","3":"status-publish","4":"has-post-thumbnail","6":"product_cat-bananos-hombre","7":"product_cat-mochilas-y-bolsos","8":"product_cat-para-ellos","9":"product_cat-sale","10":"product_tag-banano-chico-de-cuero","11":"product_tag-banano-de-cuero-cafe","12":"product_tag-banano-de-hombre","13":"product_tag-banano-grande-de-cuero","15":"first","16":"instock","17":"taxable","18":"shipping-taxable","19":"purchasable","20":"product-type-variable","21":"entry","22":"content-bg","23":"loop-entry"},"taxonomy_info":{"product_cat":[{"value":118,"label":"Bananos hombre"},{"value":158,"label":"Mochilas y Bolsos"},{"value":117,"label":"PARA ELLOS"},{"value":127,"label":"SALE"}],"product_tag":[{"value":251,"label":"banano chico de cuero"},{"value":252,"label":"banano de cuero cafe"},{"value":122,"label":"Banano de hombre"},{"value":253,"label":"banano grande de cuero"}]},"featured_image_src_large":["https:\/\/www.pelto.cl\/wp-content\/uploads\/2025\/04\/T5A2404detallemuy-chico.png",900,933,false],"author_info":[],"comment_info":0,"_links":{"self":[{"href":"https:\/\/www.pelto.cl\/en\/wp-json\/wp\/v2\/product\/9516","targetHints":{"allow":["GET"]}}],"collection":[{"href":"https:\/\/www.pelto.cl\/en\/wp-json\/wp\/v2\/product"}],"about":[{"href":"https:\/\/www.pelto.cl\/en\/wp-json\/wp\/v2\/types\/product"}],"replies":[{"embeddable":true,"href":"https:\/\/www.pelto.cl\/en\/wp-json\/wp\/v2\/comments?post=9516"}],"wp:featuredmedia":[{"embeddable":true,"href":"https:\/\/www.pelto.cl\/en\/wp-json\/wp\/v2\/media\/9689"}],"wp:attachment":[{"href":"https:\/\/www.pelto.cl\/en\/wp-json\/wp\/v2\/media?parent=9516"}],"wp:term":[{"taxonomy":"product_brand","embeddable":true,"href":"https:\/\/www.pelto.cl\/en\/wp-json\/wp\/v2\/product_brand?post=9516"},{"taxonomy":"product_cat","embeddable":true,"href":"https:\/\/www.pelto.cl\/en\/wp-json\/wp\/v2\/product_cat?post=9516"},{"taxonomy":"product_tag","embeddable":true,"href":"https:\/\/www.pelto.cl\/en\/wp-json\/wp\/v2\/product_tag?post=9516"}],"curies":[{"name":"wp","href":"https:\/\/api.w.org\/{rel}","templated":true}]}}