{"id":9507,"date":"2025-04-05T16:05:46","date_gmt":"2025-04-05T16:05:46","guid":{"rendered":"https:\/\/165.140.71.93\/~peltocl\/?post_type=product&#038;p=9507"},"modified":"2025-06-13T04:38:31","modified_gmt":"2025-06-13T04:38:31","slug":"tabaquera-de-cuero","status":"publish","type":"product","link":"https:\/\/www.pelto.cl\/en\/product\/tabaquera-de-cuero\/","title":{"rendered":"Tabaquera de cuero"},"content":{"rendered":"<p>Tabaquera de cuero natural<\/p>\n<p>Con esta tabaquera de cuero, podr\u00e1s llevar organizados todos tus implementos para relajarte con un puchito artesanal!<\/p>\n<p>Adem\u00e1s si quieres usarla como billetera, puedes guardar tus documentos, tarjetas c\u00f3modamente, todo en uno.<\/p>\n<ul>\n<li>Confeccionada a mano con los mejores cueros nacionales<\/li>\n<li>Colores disponibles Animal Print, negro, caf\u00e9 graso y caoba oscuro<\/li>\n<li>Suaves correas para abrochar con seguridad<\/li>\n<li>Un accesorio de aspecto natural y resistente<\/li>\n<li>Un bolsillo interior con broche<\/li>\n<li>Un compartimento grande con broche<\/li>\n<li>Dimensiones: 16, 5cm largo x 8,5cm ancho<\/li>\n<\/ul>\n<p>Una tabaquera de cuero para acompa\u00f1arte a todos lados!<\/p>","protected":false},"excerpt":{"rendered":"<p>Tabaquera de cuero natural Con esta tabaquera de cuero, podr\u00e1s llevar organizados todos tus implementos para relajarte con un puchito artesanal! Adem\u00e1s si quieres usarla como billetera, puedes guardar tus documentos, tarjetas c\u00f3modamente, todo en uno. Confeccionada a mano con los mejores cueros nacionales Colores disponibles Animal Print, negro, caf\u00e9 graso y caoba oscuro Suaves&#8230;<\/p>","protected":false},"featured_media":9585,"comment_status":"open","ping_status":"closed","template":"","meta":{"_kad_blocks_custom_css":"","_kad_blocks_head_custom_js":"","_kad_blocks_body_custom_js":"","_kad_blocks_footer_custom_js":"","_kad_post_transparent":"default","_kad_post_title":"","_kad_post_layout":"default","_kad_post_sidebar_id":"","_kad_post_content_style":"default","_kad_post_vertical_padding":"default","_kad_post_feature":"","_kad_post_feature_position":"","_kad_post_header":false,"_kad_post_footer":false,"_kad_post_classname":""},"product_brand":[],"product_cat":[188,189,190,119],"product_tag":[191,192,193,194,195],"class_list":{"0":"post-9507","1":"product","2":"type-product","3":"status-publish","4":"has-post-thumbnail","6":"product_cat-tabaqueras","7":"product_cat-tabaqueras-para-ellos","8":"product_cat-tabaqueras-cuero","9":"product_cat-unisex","10":"product_tag-cuero-animal-print","11":"product_tag-tabaquera-cuero-burdeo","12":"product_tag-tabaquera-cuero-cafe","13":"product_tag-tabaquera-de-cuero","14":"product_tag-tabaquera-de-mujer","16":"first","17":"instock","18":"sale","19":"taxable","20":"shipping-taxable","21":"purchasable","22":"product-type-variable","23":"has-default-attributes","24":"entry","25":"content-bg","26":"loop-entry"},"taxonomy_info":{"product_cat":[{"value":188,"label":"Tabaqueras"},{"value":189,"label":"Tabaqueras"},{"value":190,"label":"Tabaqueras Cuero"},{"value":119,"label":"UNISEX"}],"product_tag":[{"value":191,"label":"cuero animal print"},{"value":192,"label":"tabaquera cuero burdeo"},{"value":193,"label":"tabaquera cuero caf\u00e9"},{"value":194,"label":"Tabaquera de cuero"},{"value":195,"label":"Tabaquera de mujer"}]},"featured_image_src_large":["https:\/\/www.pelto.cl\/wp-content\/uploads\/2025\/04\/blend_015_197561-e1690421486442.png",500,500,false],"author_info":[],"comment_info":0,"_links":{"self":[{"href":"https:\/\/www.pelto.cl\/en\/wp-json\/wp\/v2\/product\/9507","targetHints":{"allow":["GET"]}}],"collection":[{"href":"https:\/\/www.pelto.cl\/en\/wp-json\/wp\/v2\/product"}],"about":[{"href":"https:\/\/www.pelto.cl\/en\/wp-json\/wp\/v2\/types\/product"}],"replies":[{"embeddable":true,"href":"https:\/\/www.pelto.cl\/en\/wp-json\/wp\/v2\/comments?post=9507"}],"wp:featuredmedia":[{"embeddable":true,"href":"https:\/\/www.pelto.cl\/en\/wp-json\/wp\/v2\/media\/9585"}],"wp:attachment":[{"href":"https:\/\/www.pelto.cl\/en\/wp-json\/wp\/v2\/media?parent=9507"}],"wp:term":[{"taxonomy":"product_brand","embeddable":true,"href":"https:\/\/www.pelto.cl\/en\/wp-json\/wp\/v2\/product_brand?post=9507"},{"taxonomy":"product_cat","embeddable":true,"href":"https:\/\/www.pelto.cl\/en\/wp-json\/wp\/v2\/product_cat?post=9507"},{"taxonomy":"product_tag","embeddable":true,"href":"https:\/\/www.pelto.cl\/en\/wp-json\/wp\/v2\/product_tag?post=9507"}],"curies":[{"name":"wp","href":"https:\/\/api.w.org\/{rel}","templated":true}]}}