{"id":9506,"date":"2025-04-05T16:05:46","date_gmt":"2025-04-05T16:05:46","guid":{"rendered":"https:\/\/165.140.71.93\/~peltocl\/?post_type=product&#038;p=9506"},"modified":"2025-12-11T14:47:08","modified_gmt":"2025-12-11T17:47:08","slug":"tarjetero-cuero-cahuil-colores","status":"publish","type":"product","link":"https:\/\/www.pelto.cl\/en\/product\/tarjetero-cuero-cahuil-colores\/","title":{"rendered":"Tarjetero Cuero Cahuil &#8211; Colores"},"content":{"rendered":"<p><strong>\u00a0Tarjetero Cuero Cahuil &#8211; natural y resistente<\/strong><\/p>\n<p>Este tarjetero te har\u00e1 la vida mas simple. Si eres una persona pr\u00e1ctica y organizada, necesitas un accesorio peque\u00f1o y funcional. Desde que todo pasa r\u00e1pido, el tarjetero es un elemento escencial que permite separar y proteger nuestros documentos de pago e identidad.<\/p>\n<p>Puedes llevarlo a todos lados! ya que su tama\u00f1o compacto y delgado le permite ocupar en m\u00ednimo espacio, en bolsillos, carteras, mochilas y bananos.<\/p>\n<ul>\n<li>Material: Cuero natural vacuno de alta calidad<\/li>\n<li>Dimensiones: 11cm de largo x 7cm de ancho x 1 cm de espesor<\/li>\n<li>6 compartimentos separados para las tarjetas y documentos<\/li>\n<li>Forrado con cuero y textil<\/li>\n<li>Costuras en todos sus contornos y finas terminaciones<\/li>\n<li>Suavidad al sacar tus documentos y firmeza para que no se desprendan.<\/li>\n<li>Un peque\u00f1o gigante en tu bolsillo resistente al uso diario intenso<\/li>\n<\/ul>\n<p>*Las tonalidades del cuero natural pueden tener leves variaciones en su aspecto y color, lo que en ning\u00fan caso afectan a su calidad y durabilidad.<\/p>","protected":false},"excerpt":{"rendered":"<p>\u00a0Tarjetero Cuero Cahuil &#8211; natural y resistente Este tarjetero te har\u00e1 la vida mas simple. Si eres una persona pr\u00e1ctica y organizada, necesitas un accesorio peque\u00f1o y funcional. Desde que todo pasa r\u00e1pido, el tarjetero es un elemento escencial que permite separar y proteger nuestros documentos de pago e identidad. Puedes llevarlo a todos lados!&#8230;<\/p>","protected":false},"featured_media":11136,"comment_status":"open","ping_status":"closed","template":"","meta":{"_kad_blocks_custom_css":"","_kad_blocks_head_custom_js":"","_kad_blocks_body_custom_js":"","_kad_blocks_footer_custom_js":"","_kad_post_transparent":"default","_kad_post_title":"","_kad_post_layout":"default","_kad_post_sidebar_id":"","_kad_post_content_style":"default","_kad_post_vertical_padding":"default","_kad_post_feature":"","_kad_post_feature_position":"","_kad_post_header":false,"_kad_post_footer":false,"_kad_post_classname":""},"product_brand":[],"product_cat":[117,181,180,182,119],"product_tag":[183,186,187],"class_list":{"0":"post-9506","1":"product","2":"type-product","3":"status-publish","4":"has-post-thumbnail","6":"product_cat-para-ellos","7":"product_cat-porta-documentos-para-ellos","8":"product_cat-porta-documentos","9":"product_cat-regalos-corporativos","10":"product_cat-unisex","11":"product_tag-porta-documentos-de-cuero","12":"product_tag-tarjetero-de-cuero","13":"product_tag-tarjeteros-de-cuero-natural","15":"first","16":"instock","17":"taxable","18":"shipping-taxable","19":"purchasable","20":"product-type-variable","21":"entry","22":"content-bg","23":"loop-entry"},"taxonomy_info":{"product_cat":[{"value":117,"label":"PARA ELLOS"},{"value":181,"label":"Porta Documentos"},{"value":180,"label":"Porta Documentos"},{"value":182,"label":"REGALOS CORPORATIVOS"},{"value":119,"label":"UNISEX"}],"product_tag":[{"value":183,"label":"porta documentos de cuero"},{"value":186,"label":"tarjetero de cuero"},{"value":187,"label":"tarjeteros de cuero natural"}]},"featured_image_src_large":["https:\/\/www.pelto.cl\/wp-content\/uploads\/2025\/04\/17-1024x1024.png",1024,1024,true],"author_info":[],"comment_info":0,"_links":{"self":[{"href":"https:\/\/www.pelto.cl\/en\/wp-json\/wp\/v2\/product\/9506","targetHints":{"allow":["GET"]}}],"collection":[{"href":"https:\/\/www.pelto.cl\/en\/wp-json\/wp\/v2\/product"}],"about":[{"href":"https:\/\/www.pelto.cl\/en\/wp-json\/wp\/v2\/types\/product"}],"replies":[{"embeddable":true,"href":"https:\/\/www.pelto.cl\/en\/wp-json\/wp\/v2\/comments?post=9506"}],"wp:featuredmedia":[{"embeddable":true,"href":"https:\/\/www.pelto.cl\/en\/wp-json\/wp\/v2\/media\/11136"}],"wp:attachment":[{"href":"https:\/\/www.pelto.cl\/en\/wp-json\/wp\/v2\/media?parent=9506"}],"wp:term":[{"taxonomy":"product_brand","embeddable":true,"href":"https:\/\/www.pelto.cl\/en\/wp-json\/wp\/v2\/product_brand?post=9506"},{"taxonomy":"product_cat","embeddable":true,"href":"https:\/\/www.pelto.cl\/en\/wp-json\/wp\/v2\/product_cat?post=9506"},{"taxonomy":"product_tag","embeddable":true,"href":"https:\/\/www.pelto.cl\/en\/wp-json\/wp\/v2\/product_tag?post=9506"}],"curies":[{"name":"wp","href":"https:\/\/api.w.org\/{rel}","templated":true}]}}