{"id":9505,"date":"2025-04-05T16:05:46","date_gmt":"2025-04-05T16:05:46","guid":{"rendered":"https:\/\/165.140.71.93\/~peltocl\/?post_type=product&#038;p=9505"},"modified":"2025-04-05T16:07:05","modified_gmt":"2025-04-05T16:07:05","slug":"bolso-morral-baco-m","status":"publish","type":"product","link":"https:\/\/www.pelto.cl\/en\/product\/bolso-morral-baco-m\/","title":{"rendered":"Bolso Morral Baco M"},"content":{"rendered":"<p>Bolso Morral de Cuero M<\/p>\n<p>Si buscas un bolso elegante, tradicional y minimalista, la seducci\u00f3n de l\u00edneas simples y su gran funcionalidad te encantar\u00e1!<\/p>\n<ul>\n<li>Cuero 100% natural de gran calidad<\/li>\n<li>Costuras blancas para crear un agradable contraste<\/li>\n<li>Cierre con hebilla met\u00e1lica en la parte central<\/li>\n<li>Bolsillo con cremallera frontal\u00a0 en la parte superior, para acceso r\u00e1pido a tus pertenencias<\/li>\n<li>Cuerpo principal sin divisiones y cierre interior<\/li>\n<li>Bolsillo al reverso con cremallera<\/li>\n<li>Correa de cuero ajustable con hebilla<\/li>\n<li>Medidas: 28cm de alto x 22cm de ancho x 4cm de fondo<\/li>\n<\/ul>\n<p>Complemento ideal para todos tus outfit! Elegante y funcional<\/p>\n<p>&nbsp;<\/p>","protected":false},"excerpt":{"rendered":"<p>&nbsp;<\/p>\n<p>&nbsp;<\/p>\n<p>&nbsp;<\/p>","protected":false},"featured_media":9579,"comment_status":"open","ping_status":"closed","template":"","meta":{"_kad_blocks_custom_css":"","_kad_blocks_head_custom_js":"","_kad_blocks_body_custom_js":"","_kad_blocks_footer_custom_js":"","_kad_post_transparent":"","_kad_post_title":"","_kad_post_layout":"","_kad_post_sidebar_id":"","_kad_post_content_style":"","_kad_post_vertical_padding":"","_kad_post_feature":"","_kad_post_feature_position":"","_kad_post_header":false,"_kad_post_footer":false,"_kad_post_classname":""},"product_brand":[],"product_cat":[158,117,119],"product_tag":[178,174,179],"class_list":{"0":"post-9505","1":"product","2":"type-product","3":"status-publish","4":"has-post-thumbnail","6":"product_cat-mochilas-y-bolsos","7":"product_cat-para-ellos","8":"product_cat-unisex","9":"product_tag-bolso-con-hebilla","10":"product_tag-bolso-de-cuero","11":"product_tag-bolso-de-cuero-hombre","13":"first","14":"instock","15":"taxable","16":"shipping-taxable","17":"purchasable","18":"product-type-simple","19":"entry","20":"content-bg","21":"loop-entry"},"taxonomy_info":{"product_cat":[{"value":158,"label":"Mochilas y Bolsos"},{"value":117,"label":"PARA ELLOS"},{"value":119,"label":"UNISEX"}],"product_tag":[{"value":178,"label":"Bolso con hebilla"},{"value":174,"label":"Bolso de cuero"},{"value":179,"label":"Bolso de cuero hombre"}]},"featured_image_src_large":["https:\/\/www.pelto.cl\/wp-content\/uploads\/2025\/04\/bolso-baco-grande-web.png",700,700,false],"author_info":[],"comment_info":0,"_links":{"self":[{"href":"https:\/\/www.pelto.cl\/en\/wp-json\/wp\/v2\/product\/9505","targetHints":{"allow":["GET"]}}],"collection":[{"href":"https:\/\/www.pelto.cl\/en\/wp-json\/wp\/v2\/product"}],"about":[{"href":"https:\/\/www.pelto.cl\/en\/wp-json\/wp\/v2\/types\/product"}],"replies":[{"embeddable":true,"href":"https:\/\/www.pelto.cl\/en\/wp-json\/wp\/v2\/comments?post=9505"}],"wp:featuredmedia":[{"embeddable":true,"href":"https:\/\/www.pelto.cl\/en\/wp-json\/wp\/v2\/media\/9579"}],"wp:attachment":[{"href":"https:\/\/www.pelto.cl\/en\/wp-json\/wp\/v2\/media?parent=9505"}],"wp:term":[{"taxonomy":"product_brand","embeddable":true,"href":"https:\/\/www.pelto.cl\/en\/wp-json\/wp\/v2\/product_brand?post=9505"},{"taxonomy":"product_cat","embeddable":true,"href":"https:\/\/www.pelto.cl\/en\/wp-json\/wp\/v2\/product_cat?post=9505"},{"taxonomy":"product_tag","embeddable":true,"href":"https:\/\/www.pelto.cl\/en\/wp-json\/wp\/v2\/product_tag?post=9505"}],"curies":[{"name":"wp","href":"https:\/\/api.w.org\/{rel}","templated":true}]}}