{"id":9504,"date":"2025-04-05T16:05:46","date_gmt":"2025-04-05T16:05:46","guid":{"rendered":"https:\/\/165.140.71.93\/~peltocl\/?post_type=product&#038;p=9504"},"modified":"2025-06-13T04:51:43","modified_gmt":"2025-06-13T04:51:43","slug":"bolso-de-cuero-baco-small","status":"publish","type":"product","link":"https:\/\/www.pelto.cl\/en\/product\/bolso-de-cuero-baco-small\/","title":{"rendered":"Bolso de cuero Baco \/ Small"},"content":{"rendered":"<p>Bolso Morral de Cuero \/ Versi\u00f3n Small<\/p>\n<p>Si buscas un bolso estiloso, tradicional y minimalista, la seducci\u00f3n de l\u00edneas simples y su gran funcionalidad te encantar\u00e1! Bolso Morral de cuero Baco es una excelente elecci\u00f3n para viajes y salidas con pocos implementos.<\/p>\n<ul>\n<li>Cuero natural de gran calidad<\/li>\n<li>Costuras blancas para contraste<\/li>\n<li>Cierre con hebilla met\u00e1lica en la parte central<\/li>\n<li>Bolsillo con cremallera frontal en la parte superior, para acceso r\u00e1pido a tus pertenencias<\/li>\n<li>Cuerpo principal sin divisiones y cierre interior<\/li>\n<li>Bolsillo al reverso con cremallera<\/li>\n<li>Correa de cuero ajustable con hebilla<\/li>\n<li>Medidas: 25cm de alto x 18cm de ancho x 4cm de fondo<\/li>\n<\/ul>\n<p>Los accesorios de cuero natural pueden presentar leves variaciones en su color y aspecto, debido a que al ser un material de origen animal, no es completamente liso y perfecto. Lo que en ning\u00fan caso afectar\u00e1 la durabilidad y belleza de su accesorio.<\/p>","protected":false},"excerpt":{"rendered":"<p>&nbsp;<\/p>\n<p>&nbsp;<\/p>","protected":false},"featured_media":9576,"comment_status":"open","ping_status":"closed","template":"","meta":{"_kad_blocks_custom_css":"","_kad_blocks_head_custom_js":"","_kad_blocks_body_custom_js":"","_kad_blocks_footer_custom_js":"","_kad_post_transparent":"default","_kad_post_title":"","_kad_post_layout":"default","_kad_post_sidebar_id":"","_kad_post_content_style":"default","_kad_post_vertical_padding":"default","_kad_post_feature":"","_kad_post_feature_position":"","_kad_post_header":false,"_kad_post_footer":false,"_kad_post_classname":""},"product_brand":[],"product_cat":[158,117,119],"product_tag":[174,175,176,177],"class_list":{"0":"post-9504","1":"product","2":"type-product","3":"status-publish","4":"has-post-thumbnail","6":"product_cat-mochilas-y-bolsos","7":"product_cat-para-ellos","8":"product_cat-unisex","9":"product_tag-bolso-de-cuero","10":"product_tag-bolso-de-hombre","11":"product_tag-cartera-de-hombre","12":"product_tag-morral-de-cuero-hombre","14":"first","15":"instock","16":"sale","17":"taxable","18":"shipping-taxable","19":"purchasable","20":"product-type-simple","21":"entry","22":"content-bg","23":"loop-entry"},"taxonomy_info":{"product_cat":[{"value":158,"label":"Mochilas y Bolsos"},{"value":117,"label":"PARA ELLOS"},{"value":119,"label":"UNISEX"}],"product_tag":[{"value":174,"label":"Bolso de cuero"},{"value":175,"label":"bolso de hombre"},{"value":176,"label":"Cartera de hombre"},{"value":177,"label":"Morral de cuero hombre"}]},"featured_image_src_large":["https:\/\/www.pelto.cl\/wp-content\/uploads\/2025\/04\/baco-chico-web.png",600,600,false],"author_info":[],"comment_info":0,"_links":{"self":[{"href":"https:\/\/www.pelto.cl\/en\/wp-json\/wp\/v2\/product\/9504","targetHints":{"allow":["GET"]}}],"collection":[{"href":"https:\/\/www.pelto.cl\/en\/wp-json\/wp\/v2\/product"}],"about":[{"href":"https:\/\/www.pelto.cl\/en\/wp-json\/wp\/v2\/types\/product"}],"replies":[{"embeddable":true,"href":"https:\/\/www.pelto.cl\/en\/wp-json\/wp\/v2\/comments?post=9504"}],"wp:featuredmedia":[{"embeddable":true,"href":"https:\/\/www.pelto.cl\/en\/wp-json\/wp\/v2\/media\/9576"}],"wp:attachment":[{"href":"https:\/\/www.pelto.cl\/en\/wp-json\/wp\/v2\/media?parent=9504"}],"wp:term":[{"taxonomy":"product_brand","embeddable":true,"href":"https:\/\/www.pelto.cl\/en\/wp-json\/wp\/v2\/product_brand?post=9504"},{"taxonomy":"product_cat","embeddable":true,"href":"https:\/\/www.pelto.cl\/en\/wp-json\/wp\/v2\/product_cat?post=9504"},{"taxonomy":"product_tag","embeddable":true,"href":"https:\/\/www.pelto.cl\/en\/wp-json\/wp\/v2\/product_tag?post=9504"}],"curies":[{"name":"wp","href":"https:\/\/api.w.org\/{rel}","templated":true}]}}