{"id":9501,"date":"2025-04-05T16:05:45","date_gmt":"2025-04-05T16:05:45","guid":{"rendered":"https:\/\/165.140.71.93\/~peltocl\/?post_type=product&#038;p=9501"},"modified":"2025-08-28T21:07:07","modified_gmt":"2025-08-29T01:07:07","slug":"mochila-cuero-oxford-toffee","status":"publish","type":"product","link":"https:\/\/www.pelto.cl\/en\/product\/mochila-cuero-oxford-toffee\/","title":{"rendered":"Mochila Cuero Oxford \/ Toffee"},"content":{"rendered":"<p>Mochila Cuero Oxford<\/p>\n<p>Con esta mochila de cuero natural, cuero vacuno de color caf\u00e9 toffee, llevar\u00e1s tu equipo seguro y protegido las 24 hrs. Aporta un estilo elegante y casual a tus actividades.<\/p>\n<p>Sus correas de cuero reforzadas son muy resistentes y te acompa\u00f1ar\u00e1 a todas partes! Sin descuidar tu estilo \ud83d\ude0e ya seas un hipster, oficinista, ingeniero, constructor, dise\u00f1ador, publicista, ejecutivo, empresario, o simplemente un viajero del mundo !!!<\/p>\n<ul>\n<li>El cuero \u00abgraso\u00bb llamado as\u00ed por su aspecto opaco y suave al tacto, flexible y de alta resistencia, da una apariencia r\u00fastica y salvaje, sin perder la elegancia del cuero natural \ud83d\udc99lo mas solicitado por la industria del cuero.<\/li>\n<li>Color caf\u00e9 toffee muy vers\u00e1til para toda ocasi\u00f3n.<\/li>\n<li>Dimensiones 40cm alto x 30cm de ancho x 10 cm de fondo.<\/li>\n<li>Gran Bolsillo Frontal\u00a0 + dos bolsillos mas peque\u00f1os con cremallera<\/li>\n<li>Cierre doble carro en apertura principal<\/li>\n<li>Interior forrado con tela<\/li>\n<li>Bolsillo interior acolchado para portar laptop<\/li>\n<\/ul>\n<p>*Los accesorios de cuero natural pueden presentar leves variaciones en su color y aspecto, al ser un elemento de origen animal, no es liso y continuo como los materiales sint\u00e9ticos. En ning\u00fan caso sus caracter\u00edsticas afectar\u00e1n su est\u00e9tica, durabilidad y resistencia.<\/p>","protected":false},"excerpt":{"rendered":"<p>Mochila Cuero Oxford Con esta mochila de cuero natural, cuero vacuno de color caf\u00e9 toffee, llevar\u00e1s tu equipo seguro y protegido las 24 hrs. Aporta un estilo elegante y casual a tus actividades. Sus correas de cuero reforzadas son muy resistentes y te acompa\u00f1ar\u00e1 a todas partes! Sin descuidar tu estilo \ud83d\ude0e ya seas un&#8230;<\/p>","protected":false},"featured_media":9557,"comment_status":"open","ping_status":"closed","template":"","meta":{"_kad_blocks_custom_css":"","_kad_blocks_head_custom_js":"","_kad_blocks_body_custom_js":"","_kad_blocks_footer_custom_js":"","_kad_post_transparent":"default","_kad_post_title":"","_kad_post_layout":"default","_kad_post_sidebar_id":"","_kad_post_content_style":"default","_kad_post_vertical_padding":"default","_kad_post_feature":"","_kad_post_feature_position":"","_kad_post_header":false,"_kad_post_footer":false,"_kad_post_classname":""},"product_brand":[],"product_cat":[158,117,119],"product_tag":[159,163,164],"class_list":{"0":"post-9501","1":"product","2":"type-product","3":"status-publish","4":"has-post-thumbnail","6":"product_cat-mochilas-y-bolsos","7":"product_cat-para-ellos","8":"product_cat-unisex","9":"product_tag-mochila-de-cuero","10":"product_tag-mochila-de-cuero-hombre","11":"product_tag-mochila-de-cuero-para-laptop","13":"first","14":"instock","15":"featured","16":"sold-individually","17":"taxable","18":"shipping-taxable","19":"purchasable","20":"product-type-simple","21":"entry","22":"content-bg","23":"loop-entry"},"taxonomy_info":{"product_cat":[{"value":158,"label":"Mochilas y Bolsos"},{"value":117,"label":"PARA ELLOS"},{"value":119,"label":"UNISEX"}],"product_tag":[{"value":159,"label":"Mochila de cuero"},{"value":163,"label":"Mochila de cuero hombre"},{"value":164,"label":"mochila de cuero para laptop"}]},"featured_image_src_large":["https:\/\/www.pelto.cl\/wp-content\/uploads\/2025\/04\/T5A2478_HD-e1696558860806.jpg",324,374,false],"author_info":[],"comment_info":0,"_links":{"self":[{"href":"https:\/\/www.pelto.cl\/en\/wp-json\/wp\/v2\/product\/9501","targetHints":{"allow":["GET"]}}],"collection":[{"href":"https:\/\/www.pelto.cl\/en\/wp-json\/wp\/v2\/product"}],"about":[{"href":"https:\/\/www.pelto.cl\/en\/wp-json\/wp\/v2\/types\/product"}],"replies":[{"embeddable":true,"href":"https:\/\/www.pelto.cl\/en\/wp-json\/wp\/v2\/comments?post=9501"}],"wp:featuredmedia":[{"embeddable":true,"href":"https:\/\/www.pelto.cl\/en\/wp-json\/wp\/v2\/media\/9557"}],"wp:attachment":[{"href":"https:\/\/www.pelto.cl\/en\/wp-json\/wp\/v2\/media?parent=9501"}],"wp:term":[{"taxonomy":"product_brand","embeddable":true,"href":"https:\/\/www.pelto.cl\/en\/wp-json\/wp\/v2\/product_brand?post=9501"},{"taxonomy":"product_cat","embeddable":true,"href":"https:\/\/www.pelto.cl\/en\/wp-json\/wp\/v2\/product_cat?post=9501"},{"taxonomy":"product_tag","embeddable":true,"href":"https:\/\/www.pelto.cl\/en\/wp-json\/wp\/v2\/product_tag?post=9501"}],"curies":[{"name":"wp","href":"https:\/\/api.w.org\/{rel}","templated":true}]}}