{"id":9493,"date":"2025-04-05T16:05:45","date_gmt":"2025-04-05T16:05:45","guid":{"rendered":"https:\/\/165.140.71.93\/~peltocl\/?post_type=product&#038;p=9493"},"modified":"2025-04-05T16:11:11","modified_gmt":"2025-04-05T16:11:11","slug":"banano-cuero-tokio","status":"publish","type":"product","link":"https:\/\/www.pelto.cl\/en\/product\/banano-cuero-tokio\/","title":{"rendered":"Banano Cuero Tokio"},"content":{"rendered":"<p>Banano de Cuero Tokio<\/p>\n<p>No podr\u00e1s perderte este encantador banano de cueros exclusivos y sofisticados<\/p>\n<ul>\n<li>Cuero Natural<\/li>\n<li>Correa ajustable de cuero<\/li>\n<li>Cuerpo central con dos cremalleras que accede a dos compartimentos separados<\/li>\n<li>Dos bolsillos frontales con cremallera<\/li>\n<li>Dimensiones: 35cm de largo x 13cm de ancho y 8cm de fondo en la parte mas amplia<\/li>\n<li>Banano de Cuero Tokio, te dar\u00e1 el toque primaveral para combinar tus outfits preferidos!<\/li>\n<\/ul>\n<p>*Todo producto confeccionado con cuero natural, al ser un material de origen animal, puede presentar leves variaciones en los tonos, como peque\u00f1as irregularidades de la superficie, que en ning\u00fan caso afectan a su calidad y durabilidad, como tambi\u00e9n hacen del cuero un elemento \u00fanico y maravilloso.<\/p>","protected":false},"excerpt":{"rendered":"<p>Banano de Cuero Tokio No podr\u00e1s perderte este encantador banano de cueros exclusivos y sofisticados Cuero Natural Correa ajustable de cuero Cuerpo central con dos cremalleras que accede a dos compartimentos separados Dos bolsillos frontales con cremallera Dimensiones: 35cm de largo x 13cm de ancho y 8cm de fondo en la parte mas amplia Banano&#8230;<\/p>","protected":false},"featured_media":9617,"comment_status":"open","ping_status":"closed","template":"","meta":{"_kad_blocks_custom_css":"","_kad_blocks_head_custom_js":"","_kad_blocks_body_custom_js":"","_kad_blocks_footer_custom_js":"","_kad_post_transparent":"","_kad_post_title":"","_kad_post_layout":"","_kad_post_sidebar_id":"","_kad_post_content_style":"","_kad_post_vertical_padding":"","_kad_post_feature":"","_kad_post_feature_position":"","_kad_post_header":false,"_kad_post_footer":false,"_kad_post_classname":""},"product_brand":[],"product_cat":[205,131],"product_tag":[210,211,206,207,140,209],"class_list":{"0":"post-9493","1":"product","2":"type-product","3":"status-publish","4":"has-post-thumbnail","6":"product_cat-bananos-mujer","7":"product_cat-para-ellas","8":"product_tag-banano-de-cuero-argentino","9":"product_tag-banano-de-cuero-flores","10":"product_tag-banano-de-cuero-mujer","11":"product_tag-bananos-para-mujeres","12":"product_tag-bandolera-de-cuero","13":"product_tag-bolso-de-mano-mujer","15":"first","16":"instock","17":"taxable","18":"shipping-taxable","19":"purchasable","20":"product-type-variable","21":"entry","22":"content-bg","23":"loop-entry"},"taxonomy_info":{"product_cat":[{"value":205,"label":"Bananos Mujer"},{"value":131,"label":"PARA ELLAS"}],"product_tag":[{"value":210,"label":"Banano de cuero argentino"},{"value":211,"label":"Banano de cuero flores"},{"value":206,"label":"banano de cuero mujer"},{"value":207,"label":"bananos para mujeres"},{"value":140,"label":"Bandolera de cuero"},{"value":209,"label":"bolso de mano mujer"}]},"featured_image_src_large":["https:\/\/www.pelto.cl\/wp-content\/uploads\/2025\/04\/banano-tokio-rojo-web1.png",700,700,false],"author_info":[],"comment_info":0,"_links":{"self":[{"href":"https:\/\/www.pelto.cl\/en\/wp-json\/wp\/v2\/product\/9493","targetHints":{"allow":["GET"]}}],"collection":[{"href":"https:\/\/www.pelto.cl\/en\/wp-json\/wp\/v2\/product"}],"about":[{"href":"https:\/\/www.pelto.cl\/en\/wp-json\/wp\/v2\/types\/product"}],"replies":[{"embeddable":true,"href":"https:\/\/www.pelto.cl\/en\/wp-json\/wp\/v2\/comments?post=9493"}],"wp:featuredmedia":[{"embeddable":true,"href":"https:\/\/www.pelto.cl\/en\/wp-json\/wp\/v2\/media\/9617"}],"wp:attachment":[{"href":"https:\/\/www.pelto.cl\/en\/wp-json\/wp\/v2\/media?parent=9493"}],"wp:term":[{"taxonomy":"product_brand","embeddable":true,"href":"https:\/\/www.pelto.cl\/en\/wp-json\/wp\/v2\/product_brand?post=9493"},{"taxonomy":"product_cat","embeddable":true,"href":"https:\/\/www.pelto.cl\/en\/wp-json\/wp\/v2\/product_cat?post=9493"},{"taxonomy":"product_tag","embeddable":true,"href":"https:\/\/www.pelto.cl\/en\/wp-json\/wp\/v2\/product_tag?post=9493"}],"curies":[{"name":"wp","href":"https:\/\/api.w.org\/{rel}","templated":true}]}}