{"id":9491,"date":"2025-04-05T16:05:44","date_gmt":"2025-04-05T16:05:44","guid":{"rendered":"https:\/\/165.140.71.93\/~peltocl\/?post_type=product&#038;p=9491"},"modified":"2025-04-05T16:06:00","modified_gmt":"2025-04-05T16:06:00","slug":"cartera-maite-cuero-jaguar","status":"publish","type":"product","link":"https:\/\/www.pelto.cl\/en\/product\/cartera-maite-cuero-jaguar\/","title":{"rendered":"Cartera Maite Cuero Jaguar"},"content":{"rendered":"<p>Cartera de cuero, modelo Maite, es una cartera muy vers\u00e1til y encantadora! Es una crossbody con la elegancia para combinar\u00a0 tenidas formales y la simpleza para salidas casuales.<\/p>\n<ul>\n<li>Color cuero animal print \/ cuero negro<\/li>\n<li>Cuero natural de vacuno<\/li>\n<li>Medidas 24 x 13 x 5cm<\/li>\n<li>Bolsillos con cremallera frontal y posterior<\/li>\n<li>Interior Forrado<\/li>\n<li>Bolsillo con cremallera en su interior<\/li>\n<li>Correa ajustable mediante hebilla<\/li>\n<li>Finas terminaciones<\/li>\n<li>Cuero de la mejor calidad<\/li>\n<\/ul>","protected":false},"excerpt":{"rendered":"<p>Cartera de cuero MAITE es un dise\u00f1o tradicional con un toque rom\u00e1ntico, exclusivo de nuestra marca. Con ella podr\u00e1s llevar todas tus pertenencias en un modelo compacto y vers\u00e1til.<\/p>\n<ul>\n<li>Cuero natural de vacuno<\/li>\n<li>Color animal print con negro<\/li>\n<li>Forro de tela con bolsillo interior<\/li>\n<li>Bolsillo exterior con cremallera anterior y posterior<\/li>\n<li>Correa de cuero ajustable con hebilla met\u00e1lica<\/li>\n<li>Dimensiones: 24cm largo x 13 cm ancho x 5 cm de fondo<\/li>\n<\/ul>","protected":false},"featured_media":9526,"comment_status":"open","ping_status":"closed","template":"","meta":{"_kad_blocks_custom_css":"","_kad_blocks_head_custom_js":"","_kad_blocks_body_custom_js":"","_kad_blocks_footer_custom_js":"","_kad_post_transparent":"","_kad_post_title":"","_kad_post_layout":"","_kad_post_sidebar_id":"","_kad_post_content_style":"","_kad_post_vertical_padding":"","_kad_post_feature":"","_kad_post_feature_position":"","_kad_post_header":false,"_kad_post_footer":false,"_kad_post_classname":""},"product_brand":[],"product_cat":[132,131],"product_tag":[133,134,135],"class_list":{"0":"post-9491","1":"product","2":"type-product","3":"status-publish","4":"has-post-thumbnail","6":"product_cat-carteras-y-bolsos","7":"product_cat-para-ellas","8":"product_tag-cartera-de-cuero-animal-print","9":"product_tag-cartera-de-cuero-juvenil","10":"product_tag-cartera-de-cuero-pequena","12":"first","13":"instock","14":"taxable","15":"shipping-taxable","16":"purchasable","17":"product-type-simple","18":"entry","19":"content-bg","20":"loop-entry"},"taxonomy_info":{"product_cat":[{"value":132,"label":"Carteras y Bolsos"},{"value":131,"label":"PARA ELLAS"}],"product_tag":[{"value":133,"label":"Cartera de cuero animal print"},{"value":134,"label":"cartera de cuero juvenil"},{"value":135,"label":"cartera de cuero peque\u00f1a"}]},"featured_image_src_large":["https:\/\/www.pelto.cl\/wp-content\/uploads\/2025\/04\/maite-print-web.png",700,700,false],"author_info":[],"comment_info":0,"_links":{"self":[{"href":"https:\/\/www.pelto.cl\/en\/wp-json\/wp\/v2\/product\/9491","targetHints":{"allow":["GET"]}}],"collection":[{"href":"https:\/\/www.pelto.cl\/en\/wp-json\/wp\/v2\/product"}],"about":[{"href":"https:\/\/www.pelto.cl\/en\/wp-json\/wp\/v2\/types\/product"}],"replies":[{"embeddable":true,"href":"https:\/\/www.pelto.cl\/en\/wp-json\/wp\/v2\/comments?post=9491"}],"wp:featuredmedia":[{"embeddable":true,"href":"https:\/\/www.pelto.cl\/en\/wp-json\/wp\/v2\/media\/9526"}],"wp:attachment":[{"href":"https:\/\/www.pelto.cl\/en\/wp-json\/wp\/v2\/media?parent=9491"}],"wp:term":[{"taxonomy":"product_brand","embeddable":true,"href":"https:\/\/www.pelto.cl\/en\/wp-json\/wp\/v2\/product_brand?post=9491"},{"taxonomy":"product_cat","embeddable":true,"href":"https:\/\/www.pelto.cl\/en\/wp-json\/wp\/v2\/product_cat?post=9491"},{"taxonomy":"product_tag","embeddable":true,"href":"https:\/\/www.pelto.cl\/en\/wp-json\/wp\/v2\/product_tag?post=9491"}],"curies":[{"name":"wp","href":"https:\/\/api.w.org\/{rel}","templated":true}]}}