{"id":9490,"date":"2025-04-05T16:05:44","date_gmt":"2025-04-05T16:05:44","guid":{"rendered":"https:\/\/165.140.71.93\/~peltocl\/?post_type=product&#038;p=9490"},"modified":"2025-04-05T16:05:53","modified_gmt":"2025-04-05T16:05:53","slug":"pechera-patagonia-negra-cafe","status":"publish","type":"product","link":"https:\/\/www.pelto.cl\/en\/product\/pechera-patagonia-negra-cafe\/","title":{"rendered":"Pechera Patagonia Negra\/Caf\u00e9"},"content":{"rendered":"<p>Pechera Patagonia<\/p>\n<p>Las pecheras de cuero Pelto, son la alternativa perfecta que cumplir\u00e1 con las expectativas Parrilleras mas exigentes! Confeccionada en cuero genuino de vacuno de primera calidad, est\u00e1 creada para soportar el uso intenso y el contacto con alimentos. Es sencilla de limpiar y f\u00e1cil de mantener.<\/p>\n<ul>\n<li>Cuero Natural Vacuno<\/li>\n<li>Medidas 75cm largo x 50cm de ancho<\/li>\n<li>Bolsillo Porta Cerveza<\/li>\n<li>Bolsillo Porta Cuchillo Cocinero<\/li>\n<li>Argolla met\u00e1lica porta pa\u00f1o<\/li>\n<li>2 Bolsillos frontales<\/li>\n<li>2 tiras de cuero ajustables<\/li>\n<li>Correa de cuello ajustable mediante hebilla met\u00e1lica<\/li>\n<\/ul>\n<p>L\u00facete con tu familia y amigos, full funcionalidad y elegancia en nuestros dise\u00f1os y colores marca Pelto<\/p>\n<p>*Todo accesorio de cuero puede presentar peque\u00f1as variaciones en su tonalidad y superficie, ya que al ser un elemento de origen animal y no industrial, presenta imperfecciones y caracter\u00edsticas \u00fanicas, dependiendo de la partida de cuero, lo que en ning\u00fan caso afectar\u00e1 su calidad, resistencia y apreciaci\u00f3n est\u00e9tica.<\/p>","protected":false},"excerpt":{"rendered":"<p><strong>\u00a0 \u00a0 \u00a0Para lucirte como Rey de la Parrilla!!!<\/strong><\/p>\n<ul>\n<li>Pechera Patagonia es de cuero vacuno caf\u00e9 salvaje con cuero negro<\/li>\n<li>Dos bolsillos frontales, porta vaso o cerveza de cuero, cuello de cuero ajustable mediante hebilla, cuero y costuras resistentes.*El cuero salvaje es un cuero r\u00fastico , como todo material natural, puede presentar peque\u00f1as irregularidades que no alteran su calidad y durabilidad.<\/li>\n<li>Dimensi\u00f3n cuerpo 75cm largo x 50cm ancho, correa ajustable de 70cm<\/li>\n<li>*El cuero natural puede presentar leves variaciones en el tono, al ser un material natural y \u00fanico, lo que en ning\u00fan caso afectar\u00e1 la calidad y durabilidad del producto.<\/li>\n<\/ul>","protected":false},"featured_media":9523,"comment_status":"open","ping_status":"closed","template":"","meta":{"_kad_blocks_custom_css":"","_kad_blocks_head_custom_js":"","_kad_blocks_body_custom_js":"","_kad_blocks_footer_custom_js":"","_kad_post_transparent":"","_kad_post_title":"","_kad_post_layout":"","_kad_post_sidebar_id":"","_kad_post_content_style":"","_kad_post_vertical_padding":"","_kad_post_feature":"","_kad_post_feature_position":"","_kad_post_header":false,"_kad_post_footer":false,"_kad_post_classname":""},"product_brand":[],"product_cat":[117,125,126,127],"product_tag":[128,129,130],"class_list":{"0":"post-9490","1":"product","2":"type-product","3":"status-publish","4":"has-post-thumbnail","6":"product_cat-para-ellos","7":"product_cat-pecheras-de-cuero","8":"product_cat-pecheras-hombre","9":"product_cat-sale","10":"product_tag-pechera-de-cuero-natural","11":"product_tag-pechera-de-hombre","12":"product_tag-pechera-parrillera","14":"first","15":"outofstock","16":"taxable","17":"shipping-taxable","18":"purchasable","19":"product-type-simple","20":"entry","21":"content-bg","22":"loop-entry"},"taxonomy_info":{"product_cat":[{"value":117,"label":"PARA ELLOS"},{"value":125,"label":"PECHERAS DE CUERO"},{"value":126,"label":"Pecheras Hombre"},{"value":127,"label":"SALE"}],"product_tag":[{"value":128,"label":"pechera de cuero natural"},{"value":129,"label":"pechera de hombre"},{"value":130,"label":"pechera parrillera"}]},"featured_image_src_large":["https:\/\/www.pelto.cl\/wp-content\/uploads\/2025\/04\/IMG-20230906-WA00081-e1695089485477.jpg",600,751,false],"author_info":[],"comment_info":0,"_links":{"self":[{"href":"https:\/\/www.pelto.cl\/en\/wp-json\/wp\/v2\/product\/9490","targetHints":{"allow":["GET"]}}],"collection":[{"href":"https:\/\/www.pelto.cl\/en\/wp-json\/wp\/v2\/product"}],"about":[{"href":"https:\/\/www.pelto.cl\/en\/wp-json\/wp\/v2\/types\/product"}],"replies":[{"embeddable":true,"href":"https:\/\/www.pelto.cl\/en\/wp-json\/wp\/v2\/comments?post=9490"}],"wp:featuredmedia":[{"embeddable":true,"href":"https:\/\/www.pelto.cl\/en\/wp-json\/wp\/v2\/media\/9523"}],"wp:attachment":[{"href":"https:\/\/www.pelto.cl\/en\/wp-json\/wp\/v2\/media?parent=9490"}],"wp:term":[{"taxonomy":"product_brand","embeddable":true,"href":"https:\/\/www.pelto.cl\/en\/wp-json\/wp\/v2\/product_brand?post=9490"},{"taxonomy":"product_cat","embeddable":true,"href":"https:\/\/www.pelto.cl\/en\/wp-json\/wp\/v2\/product_cat?post=9490"},{"taxonomy":"product_tag","embeddable":true,"href":"https:\/\/www.pelto.cl\/en\/wp-json\/wp\/v2\/product_tag?post=9490"}],"curies":[{"name":"wp","href":"https:\/\/api.w.org\/{rel}","templated":true}]}}