{"id":11177,"date":"2025-12-16T00:34:01","date_gmt":"2025-12-16T03:34:01","guid":{"rendered":"https:\/\/www.pelto.cl\/?post_type=product&#038;p=11177"},"modified":"2026-04-08T22:55:59","modified_gmt":"2026-04-09T02:55:59","slug":"billetera-cuero-mujer-amanda-print-leopardo","status":"publish","type":"product","link":"https:\/\/www.pelto.cl\/en\/product\/billetera-cuero-mujer-amanda-print-leopardo\/","title":{"rendered":"Billetera Cuero Mujer &#8211; Amanda Print Leopardo"},"content":{"rendered":"<p>Billetera cuero Mujer &#8211; Modelo Amanda &#8211; Elegancia que eleva tu estilo<\/p>\n<p>La Billetera Amanda es una pieza de marroquiner\u00eda fina, confeccionada a mano en cuero natural de alta calidad, curtido al vegetal con procesos respetuosos con el medio ambiente. Su dise\u00f1o largo y compacto ofrece una excelente relaci\u00f3n espacio-comodidad, sin perder elegancia.<\/p>\n<ul>\n<li>Cuero natural 100% genuino de vacuno<\/li>\n<li>Medidas 16.5cm de largo\u00a0 x 10cm de ancho x 1.5cm de grosor<\/li>\n<li>14 Compartimentos para tarjetas<\/li>\n<li>3 Compartimentos para Billetes y otros documentos<\/li>\n<li>1 visor transaparente ideal para carnet de identidad<\/li>\n<li>Cierre con broche magn\u00e9tico tipo im\u00e1n<\/li>\n<li>Tiene un monedero con cremallera en reverso<\/li>\n<li>costuras en el tono<\/li>\n<li>Confeccionada a mano por artesanos chilenos<\/li>\n<\/ul>\n<p>Billetera Amanda es un modelo premium de Pelto, es un objeto escencial que eleva el d\u00eda a d\u00eda con seguridad, comodidad y elegancia urbana para acompa\u00f1arte por a\u00f1os.<\/p>\n<p>*El cuero de origen natural puede presentar peque\u00f1as variaciones en el tono y presentar sutiles detalles en su superficie, los que en ning\u00fan caso afectar\u00edan su gran calidad, durabilidad y belleza.<\/p>\n<p>&nbsp;<\/p>","protected":false},"excerpt":{"rendered":"<p>La <strong data-start=\"3\" data-end=\"23\">Billetera Amanda<\/strong> combina <strong data-start=\"32\" data-end=\"73\">elegancia, organizaci\u00f3n y durabilidad<\/strong> en un dise\u00f1o largo de <strong data-start=\"96\" data-end=\"125\">cuero natural 100% vacuno<\/strong>, confeccionado a mano en Chile. Cuenta con m\u00faltiples espacios para <strong data-start=\"193\" data-end=\"228\">tarjetas, billetes y documentos<\/strong>, adem\u00e1s de <strong data-start=\"240\" data-end=\"263\">monedero con cierre<\/strong>, para que lleves todo ordenado con estilo. Un accesorio <strong data-start=\"320\" data-end=\"353\">premium, pr\u00e1ctico y atemporal<\/strong> para el d\u00eda a d\u00eda. \u2728<\/p>","protected":false},"featured_media":11176,"comment_status":"open","ping_status":"closed","template":"","meta":{"_kad_blocks_custom_css":"","_kad_blocks_head_custom_js":"","_kad_blocks_body_custom_js":"","_kad_blocks_footer_custom_js":"","_kad_post_transparent":"default","_kad_post_title":"","_kad_post_layout":"default","_kad_post_sidebar_id":"","_kad_post_content_style":"default","_kad_post_vertical_padding":"default","_kad_post_feature":"","_kad_post_feature_position":"","_kad_post_header":false,"_kad_post_footer":false,"_kad_post_classname":""},"product_brand":[],"product_cat":[146,131],"product_tag":[241,365,153,242],"class_list":{"0":"post-11177","1":"product","2":"type-product","3":"status-publish","4":"has-post-thumbnail","6":"product_cat-billeteras-mujer","7":"product_cat-para-ellas","8":"product_tag-billetera-de-cuero-mujer","9":"product_tag-billetera-de-cuero-mujer-elegante","10":"product_tag-billetera-de-cuero-natural","11":"product_tag-regalo-para-mujer","13":"first","14":"instock","15":"taxable","16":"shipping-taxable","17":"purchasable","18":"product-type-simple","19":"entry","20":"content-bg","21":"loop-entry"},"taxonomy_info":{"product_cat":[{"value":146,"label":"Billeteras Mujer"},{"value":131,"label":"PARA ELLAS"}],"product_tag":[{"value":241,"label":"billetera de cuero mujer"},{"value":365,"label":"Billetera de cuero mujer elegante"},{"value":153,"label":"Billetera de cuero natural"},{"value":242,"label":"regalo para mujer"}]},"featured_image_src_large":["https:\/\/www.pelto.cl\/wp-content\/uploads\/2025\/12\/billeprint1-1024x1024.jpg",1024,1024,true],"author_info":[],"comment_info":0,"_links":{"self":[{"href":"https:\/\/www.pelto.cl\/en\/wp-json\/wp\/v2\/product\/11177","targetHints":{"allow":["GET"]}}],"collection":[{"href":"https:\/\/www.pelto.cl\/en\/wp-json\/wp\/v2\/product"}],"about":[{"href":"https:\/\/www.pelto.cl\/en\/wp-json\/wp\/v2\/types\/product"}],"replies":[{"embeddable":true,"href":"https:\/\/www.pelto.cl\/en\/wp-json\/wp\/v2\/comments?post=11177"}],"wp:featuredmedia":[{"embeddable":true,"href":"https:\/\/www.pelto.cl\/en\/wp-json\/wp\/v2\/media\/11176"}],"wp:attachment":[{"href":"https:\/\/www.pelto.cl\/en\/wp-json\/wp\/v2\/media?parent=11177"}],"wp:term":[{"taxonomy":"product_brand","embeddable":true,"href":"https:\/\/www.pelto.cl\/en\/wp-json\/wp\/v2\/product_brand?post=11177"},{"taxonomy":"product_cat","embeddable":true,"href":"https:\/\/www.pelto.cl\/en\/wp-json\/wp\/v2\/product_cat?post=11177"},{"taxonomy":"product_tag","embeddable":true,"href":"https:\/\/www.pelto.cl\/en\/wp-json\/wp\/v2\/product_tag?post=11177"}],"curies":[{"name":"wp","href":"https:\/\/api.w.org\/{rel}","templated":true}]}}