{"id":11103,"date":"2025-12-10T13:25:42","date_gmt":"2025-12-10T16:25:42","guid":{"rendered":"https:\/\/www.pelto.cl\/?post_type=product&#038;p=11103"},"modified":"2026-03-14T21:28:01","modified_gmt":"2026-03-15T00:28:01","slug":"cinturon-de-hombre-cuero-azul","status":"publish","type":"product","link":"https:\/\/www.pelto.cl\/en\/product\/cinturon-de-hombre-cuero-azul\/","title":{"rendered":"Cintur\u00f3n de Hombre Cuero Az\u00fal"},"content":{"rendered":"<p>Cintur\u00f3n de hombre cuero vacuno color azul<\/p>\n<p>Elegancia y resistencia en un solo accesorio. Este cintur\u00f3n de hombre est\u00e1 fabricado en cuero vacuno de primera categor\u00eda, reconocido por su durabilidad, flexibilidad y comodidad al uso diario. Sus bordes sellados garantizan un acabado prolijo y profesional, mientras que la hebilla de tono bronce envejecido aporta un toque masculino y urbano que combina con cualquier estilo.<\/p>\n<p>Perfecto para acompa\u00f1ar jeans, pantalones de vestir o looks casuales con distinci\u00f3n. Un esencial que mejora con el tiempo.<\/p>\n<ul>\n<li>Cuero aut\u00e9ntico de vacuno tipo graso<\/li>\n<li>Ancho de 3.2cm cm Largo Total 120cm<\/li>\n<li>Cuero premium con un agradable aspecto matte con vetas naturales a la vista<\/li>\n<li>Bordes sellados y firmes<\/li>\n<li>Hebilla met\u00e1lica tono bronce envejecido<\/li>\n<li>Empaque:\u00a0 caja de cart\u00f3n negro tipo kraft<\/li>\n<\/ul>\n<p>Elegancia y calidad con este cintur\u00f3n de cuero fabricado con excelencia en nuestros talleres<\/p>\n<p>*Los accesorios de cuero natural, al ser una materia prima animal, pueden presentar leves variaciones en su tono y superficie de piel aut\u00e9ntica. Aportando belleza natural y \u00fanica a tu producto.<\/p>\n<p>&nbsp;<\/p>","protected":false},"excerpt":{"rendered":"<div class=\"flex flex-col text-sm pb-25\">\n<article class=\"text-token-text-primary w-full focus:outline-none [--shadow-height:45px] has-data-writing-block:pointer-events-none has-data-writing-block:-mt-(--shadow-height) has-data-writing-block:pt-(--shadow-height) [&amp;:has([data-writing-block])&gt;*]:pointer-events-auto scroll-mt-[calc(var(--header-height)+min(200px,max(70px,20svh)))]\" dir=\"auto\" tabindex=\"-1\" data-turn-id=\"request-WEB:dc883711-d00d-4b09-9d7e-063d69909939-6\" data-testid=\"conversation-turn-14\" data-scroll-anchor=\"true\" data-turn=\"assistant\">\n<div class=\"text-base my-auto mx-auto pb-10 [--thread-content-margin:var(--thread-content-margin-xs,calc(var(--spacing)*4))] @w-sm\/main:[--thread-content-margin:var(--thread-content-margin-sm,calc(var(--spacing)*6))] @w-lg\/main:[--thread-content-margin:var(--thread-content-margin-lg,calc(var(--spacing)*16))] px-(--thread-content-margin)\">\n<div class=\"[--thread-content-max-width:40rem] @w-lg\/main:[--thread-content-max-width:48rem] mx-auto max-w-(--thread-content-max-width) flex-1 group\/turn-messages focus-visible:outline-hidden relative flex w-full min-w-0 flex-col agent-turn\" tabindex=\"-1\">\n<div class=\"flex max-w-full flex-col gap-4 grow\">\n<div class=\"min-h-8 text-message relative flex w-full flex-col items-end gap-2 text-start break-words whitespace-normal [.text-message+&amp;]:mt-1\" dir=\"auto\" data-message-author-role=\"assistant\" data-message-id=\"8efc7799-cd9c-4dee-bc26-0fd85dbba626\" data-message-model-slug=\"gpt-5-3\">\n<div class=\"flex w-full flex-col gap-1 empty:hidden\">\n<div class=\"markdown prose dark:prose-invert w-full wrap-break-word light markdown-new-styling\">\n<p data-start=\"0\" data-end=\"422\" data-is-last-node=\"\" data-is-only-node=\"\">El <strong data-start=\"3\" data-end=\"39\">cintur\u00f3n de hombre de cuero az\u00fal<\/strong>\u00a0combina <strong data-start=\"48\" data-end=\"82\">estilo, resistencia y car\u00e1cter<\/strong> en un accesorio esencial para el d\u00eda a d\u00eda. Confeccionado en <strong data-start=\"144\" data-end=\"186\">cuero vacuno aut\u00e9ntico de alta calidad<\/strong>, destaca por su acabado matte con vetas naturales, bordes sellados y <strong data-start=\"256\" data-end=\"302\">hebilla met\u00e1lica en tono bronce envejecido<\/strong>. Un cintur\u00f3n <strong data-start=\"316\" data-end=\"349\">duradero, elegante y vers\u00e1til<\/strong>, perfecto para complementar desde looks casuales hasta m\u00e1s formales. \ud83d\udc54\u2728<\/p>\n<\/div>\n<\/div>\n<\/div>\n<\/div>\n<div class=\"z-0 flex min-h-[46px] justify-start\"><\/div>\n<\/div>\n<\/div>\n<\/article>\n<\/div>\n<div class=\"pointer-events-none h-px w-px absolute bottom-0\" aria-hidden=\"true\" data-edge=\"true\"><\/div>\n","protected":false},"featured_media":11111,"comment_status":"closed","ping_status":"closed","template":"","meta":{"_kad_blocks_custom_css":"","_kad_blocks_head_custom_js":"","_kad_blocks_body_custom_js":"","_kad_blocks_footer_custom_js":"","_kad_post_transparent":"default","_kad_post_title":"","_kad_post_layout":"default","_kad_post_sidebar_id":"","_kad_post_content_style":"default","_kad_post_vertical_padding":"default","_kad_post_feature":"","_kad_post_feature_position":"","_kad_post_header":false,"_kad_post_footer":false,"_kad_post_classname":""},"product_brand":[],"product_cat":[227,117],"product_tag":[228,229],"class_list":{"0":"post-11103","1":"product","2":"type-product","3":"status-publish","4":"has-post-thumbnail","6":"product_cat-cinturon-de-cuero","7":"product_cat-para-ellos","8":"product_tag-cinturon-de-cuero-hombre","9":"product_tag-cinturon-de-cuero-natural","11":"first","12":"outofstock","13":"taxable","14":"shipping-taxable","15":"purchasable","16":"product-type-simple","17":"entry","18":"content-bg","19":"loop-entry"},"taxonomy_info":{"product_cat":[{"value":227,"label":"Cintur\u00f3n de Cuero"},{"value":117,"label":"PARA ELLOS"}],"product_tag":[{"value":228,"label":"cintur\u00f3n de cuero hombre"},{"value":229,"label":"cintur\u00f3n de cuero natural"}]},"featured_image_src_large":["https:\/\/www.pelto.cl\/wp-content\/uploads\/2025\/12\/1-1024x1024.png",1024,1024,true],"author_info":[],"comment_info":0,"_links":{"self":[{"href":"https:\/\/www.pelto.cl\/en\/wp-json\/wp\/v2\/product\/11103","targetHints":{"allow":["GET"]}}],"collection":[{"href":"https:\/\/www.pelto.cl\/en\/wp-json\/wp\/v2\/product"}],"about":[{"href":"https:\/\/www.pelto.cl\/en\/wp-json\/wp\/v2\/types\/product"}],"replies":[{"embeddable":true,"href":"https:\/\/www.pelto.cl\/en\/wp-json\/wp\/v2\/comments?post=11103"}],"wp:featuredmedia":[{"embeddable":true,"href":"https:\/\/www.pelto.cl\/en\/wp-json\/wp\/v2\/media\/11111"}],"wp:attachment":[{"href":"https:\/\/www.pelto.cl\/en\/wp-json\/wp\/v2\/media?parent=11103"}],"wp:term":[{"taxonomy":"product_brand","embeddable":true,"href":"https:\/\/www.pelto.cl\/en\/wp-json\/wp\/v2\/product_brand?post=11103"},{"taxonomy":"product_cat","embeddable":true,"href":"https:\/\/www.pelto.cl\/en\/wp-json\/wp\/v2\/product_cat?post=11103"},{"taxonomy":"product_tag","embeddable":true,"href":"https:\/\/www.pelto.cl\/en\/wp-json\/wp\/v2\/product_tag?post=11103"}],"curies":[{"name":"wp","href":"https:\/\/api.w.org\/{rel}","templated":true}]}}