{"id":11080,"date":"2025-12-06T21:31:55","date_gmt":"2025-12-07T00:31:55","guid":{"rendered":"https:\/\/www.pelto.cl\/?post_type=product&#038;p=11080"},"modified":"2026-03-14T21:56:48","modified_gmt":"2026-03-15T00:56:48","slug":"cinturon-de-cuero-mujer-print-leopardo","status":"publish","type":"product","link":"https:\/\/www.pelto.cl\/en\/product\/cinturon-de-cuero-mujer-print-leopardo\/","title":{"rendered":"Cinturon de Cuero Mujer &#8211; Print Leopardo"},"content":{"rendered":"<p><strong>Cintur\u00f3n de Cuero Mujer: Con Hebilla y punta decorada<\/strong><\/p>\n<p data-start=\"0\" data-end=\"300\">El <strong data-start=\"3\" data-end=\"30\">cintur\u00f3n de cuero Pelto<\/strong> es mucho m\u00e1s que un accesorio: es el detalle que <strong data-start=\"80\" data-end=\"118\">define y potencia cualquier outfit<\/strong>. Un buen cintur\u00f3n tiene la capacidad de transformar un look simple en uno con car\u00e1cter, aportando estructura, estilo y personalidad tanto en ocasiones formales como en el d\u00eda a d\u00eda.<\/p>\n<p data-start=\"302\" data-end=\"701\">Fabricado en <strong data-start=\"315\" data-end=\"357\">cuero vacuno aut\u00e9ntico de alta calidad<\/strong>, este cintur\u00f3n destaca por su <strong data-start=\"388\" data-end=\"425\">acabado suave y \u00fanico en cuero print<\/strong>, que reflejan la elegancia del cuero genuino\u00a0 y hacen que cada pieza sea \u00fanica. Su tono es vers\u00e1til y atemporal, ideal para combinar con <strong data-start=\"574\" data-end=\"622\">jeans, pantalones de vestir o looks casuales<\/strong>, elevando instant\u00e1neamente la apariencia con un toque femenino y sofisticado.<\/p>\n<p data-start=\"703\" data-end=\"1030\">Los <strong data-start=\"707\" data-end=\"726\">bordes sellados<\/strong> aportan un acabado prolijo y mayor durabilidad, mientras que la <strong data-start=\"791\" data-end=\"837\">hebilla met\u00e1lica <\/strong>a\u00f1ade un estilo urbano que nunca pasa de moda. Con el uso, el cuero desarrolla una p\u00e1tina natural que realza su car\u00e1cter, haciendo que el cintur\u00f3n se vea incluso mejor con el tiempo.<\/p>\n<p data-start=\"1032\" data-end=\"1406\">M\u00e1s que un complemento funcional, el cintur\u00f3n Pelto es un <strong data-start=\"1090\" data-end=\"1122\">esencial de estilo femenino<\/strong>: resistente, elegante y pensado para acompa\u00f1arte durante a\u00f1os. Adem\u00e1s, gracias a su <strong data-start=\"1207\" data-end=\"1242\">presentaci\u00f3n en caja tipo kraft<\/strong>, se convierte en una <strong data-start=\"1264\" data-end=\"1294\">excelente opci\u00f3n de regalo<\/strong> para cumplea\u00f1os, celebraciones o para sorprender con un accesorio de calidad que siempre ser\u00e1 \u00fatil y apreciado.<\/p>\n<p>Medidas: 3.2cm de ancho x 120cm de largo total con hebilla<\/p>","protected":false},"excerpt":{"rendered":"<p>El <strong data-start=\"3\" data-end=\"30\">cintur\u00f3n de cuero Pelto<\/strong> es el detalle que eleva cualquier outfit. Confeccionado en <strong data-start=\"90\" data-end=\"116\">cuero vacuno aut\u00e9ntico<\/strong> con acabado matte y vetas naturales, combina <strong data-start=\"162\" data-end=\"207\">durabilidad, elegancia y estilo atemporal<\/strong>. Su hebilla <strong data-start=\"223\" data-end=\"244\">met\u00e1lica decorada<\/strong> y su tono vers\u00e1til lo convierten en un accesorio perfecto para looks casuales o formales, e ideal tambi\u00e9n como <strong data-start=\"361\" data-end=\"382\">regalo de calidad<\/strong>. \u2728<\/p>","protected":false},"featured_media":11081,"comment_status":"open","ping_status":"closed","template":"","meta":{"_kad_blocks_custom_css":"","_kad_blocks_head_custom_js":"","_kad_blocks_body_custom_js":"","_kad_blocks_footer_custom_js":"","_kad_post_transparent":"default","_kad_post_title":"","_kad_post_layout":"default","_kad_post_sidebar_id":"","_kad_post_content_style":"default","_kad_post_vertical_padding":"default","_kad_post_feature":"","_kad_post_feature_position":"","_kad_post_header":false,"_kad_post_footer":false,"_kad_post_classname":""},"product_brand":[],"product_cat":[350],"product_tag":[],"class_list":{"0":"post-11080","1":"product","2":"type-product","3":"status-publish","4":"has-post-thumbnail","6":"product_cat-cinturon-mujer","8":"first","9":"instock","10":"taxable","11":"shipping-taxable","12":"purchasable","13":"product-type-simple","14":"entry","15":"content-bg","16":"loop-entry"},"taxonomy_info":{"product_cat":[{"value":350,"label":"Cintur\u00f3n de Mujer"}]},"featured_image_src_large":["https:\/\/www.pelto.cl\/wp-content\/uploads\/2025\/12\/44-1024x1024.png",1024,1024,true],"author_info":[],"comment_info":0,"_links":{"self":[{"href":"https:\/\/www.pelto.cl\/en\/wp-json\/wp\/v2\/product\/11080","targetHints":{"allow":["GET"]}}],"collection":[{"href":"https:\/\/www.pelto.cl\/en\/wp-json\/wp\/v2\/product"}],"about":[{"href":"https:\/\/www.pelto.cl\/en\/wp-json\/wp\/v2\/types\/product"}],"replies":[{"embeddable":true,"href":"https:\/\/www.pelto.cl\/en\/wp-json\/wp\/v2\/comments?post=11080"}],"wp:featuredmedia":[{"embeddable":true,"href":"https:\/\/www.pelto.cl\/en\/wp-json\/wp\/v2\/media\/11081"}],"wp:attachment":[{"href":"https:\/\/www.pelto.cl\/en\/wp-json\/wp\/v2\/media?parent=11080"}],"wp:term":[{"taxonomy":"product_brand","embeddable":true,"href":"https:\/\/www.pelto.cl\/en\/wp-json\/wp\/v2\/product_brand?post=11080"},{"taxonomy":"product_cat","embeddable":true,"href":"https:\/\/www.pelto.cl\/en\/wp-json\/wp\/v2\/product_cat?post=11080"},{"taxonomy":"product_tag","embeddable":true,"href":"https:\/\/www.pelto.cl\/en\/wp-json\/wp\/v2\/product_tag?post=11080"}],"curies":[{"name":"wp","href":"https:\/\/api.w.org\/{rel}","templated":true}]}}