{"id":11047,"date":"2025-12-03T22:40:32","date_gmt":"2025-12-04T01:40:32","guid":{"rendered":"https:\/\/www.pelto.cl\/?post_type=product&#038;p=11047"},"modified":"2025-12-16T00:59:20","modified_gmt":"2025-12-16T03:59:20","slug":"llavero-de-cuero-gato","status":"publish","type":"product","link":"https:\/\/www.pelto.cl\/en\/product\/llavero-de-cuero-gato\/","title":{"rendered":"Llavero de Cuero &#8211; Gato"},"content":{"rendered":"<p>Llavero de Cuero Gato &#8211; para quienes llevan su amor felino a todas partes<\/p>\n<p>Este llavero de cuero con forma de gato es el accesorio perfecto para quienes sientan una conexi\u00f3n especial con esos adorables compa\u00f1eros. Dise\u00f1ado en cuero aut\u00e9ntico, cuenta con un mosquet\u00f3n tipo argolla de f\u00e1cil apertura, aplicaci\u00f3n de remaches y una tira trenzada de cuero negro tipo gamuza, que aporta un toque suave y elegante.<\/p>\n<p>Usalo como llavero, o enganchalo a tu cartera, mochila o bolso para darle un detalle \u00fanico con actitud felina. Ideal para regalar o para darte un gusto si eres amante de los michis.<\/p>\n<p>Es m\u00e1s que un llavero: es un peque\u00f1o homenaje al amor felino que te acompa\u00f1a a todas partes.<\/p>\n<p>Sus Caracter\u00edsticas son:<\/p>\n<ul>\n<li>Cuero Natural de Vacuno<\/li>\n<li>Mosquet\u00f3n met\u00e1lico circular con apertura<\/li>\n<li>Remaches met\u00e1licos de 5mm<\/li>\n<li>Dimensi\u00f3n total del gato: 6,5cm de largo x 5,2 cm de ancho<\/li>\n<li>Medidas totales: 10cm de largo x 5,2cm de ancho<\/li>\n<\/ul>\n<p>Detalles: Si quieres un pedido especial, agrega el servicio de personalizaci\u00f3n l\u00e1ser a tu carrito de compras y lo elaboramos para t\u00ed&#8230;<\/p>\n<p>*Colores de cueros, sujetos a disponibilidad, trataremos de darte en el gusto con alternativas o escribenos al whatsaap para mas consultas.<\/p>","protected":false},"excerpt":{"rendered":"<p>Llavero de Cuero Gato &#8211; para quienes llevan su amor felino a todas partes Este llavero de cuero con forma de gato es el accesorio perfecto para quienes sientan una conexi\u00f3n especial con esos adorables compa\u00f1eros. Dise\u00f1ado en cuero aut\u00e9ntico, cuenta con un mosquet\u00f3n tipo argolla de f\u00e1cil apertura, aplicaci\u00f3n de remaches y una tira&#8230;<\/p>","protected":false},"featured_media":11052,"comment_status":"open","ping_status":"closed","template":"","meta":{"_kad_blocks_custom_css":"","_kad_blocks_head_custom_js":"","_kad_blocks_body_custom_js":"","_kad_blocks_footer_custom_js":"","_kad_post_transparent":"default","_kad_post_title":"","_kad_post_layout":"default","_kad_post_sidebar_id":"","_kad_post_content_style":"default","_kad_post_vertical_padding":"default","_kad_post_feature":"","_kad_post_feature_position":"","_kad_post_header":false,"_kad_post_footer":false,"_kad_post_classname":""},"product_brand":[],"product_cat":[317,117,182,286,127,119],"product_tag":[319,320,361],"class_list":{"0":"post-11047","1":"product","2":"type-product","3":"status-publish","4":"has-post-thumbnail","6":"product_cat-llaveros-de-hombre","7":"product_cat-para-ellos","8":"product_cat-regalos-corporativos","9":"product_cat-regalos-unicos","10":"product_cat-sale","11":"product_cat-unisex","12":"product_tag-llavero-cuero","13":"product_tag-llavero-de-cuero","14":"product_tag-llavero-gato","16":"first","17":"instock","18":"taxable","19":"shipping-taxable","20":"purchasable","21":"product-type-variable","22":"entry","23":"content-bg","24":"loop-entry"},"taxonomy_info":{"product_cat":[{"value":317,"label":"Llaveros de Hombre"},{"value":117,"label":"PARA ELLOS"},{"value":182,"label":"REGALOS CORPORATIVOS"},{"value":286,"label":"REGALOS \u00daNICOS"},{"value":127,"label":"SALE"},{"value":119,"label":"UNISEX"}],"product_tag":[{"value":319,"label":"Llavero cuero"},{"value":320,"label":"Llavero de cuero"},{"value":361,"label":"Llavero gato"}]},"featured_image_src_large":["https:\/\/www.pelto.cl\/wp-content\/uploads\/2025\/12\/20251122_1406481-768x1024.jpg",768,1024,true],"author_info":[],"comment_info":0,"_links":{"self":[{"href":"https:\/\/www.pelto.cl\/en\/wp-json\/wp\/v2\/product\/11047","targetHints":{"allow":["GET"]}}],"collection":[{"href":"https:\/\/www.pelto.cl\/en\/wp-json\/wp\/v2\/product"}],"about":[{"href":"https:\/\/www.pelto.cl\/en\/wp-json\/wp\/v2\/types\/product"}],"replies":[{"embeddable":true,"href":"https:\/\/www.pelto.cl\/en\/wp-json\/wp\/v2\/comments?post=11047"}],"wp:featuredmedia":[{"embeddable":true,"href":"https:\/\/www.pelto.cl\/en\/wp-json\/wp\/v2\/media\/11052"}],"wp:attachment":[{"href":"https:\/\/www.pelto.cl\/en\/wp-json\/wp\/v2\/media?parent=11047"}],"wp:term":[{"taxonomy":"product_brand","embeddable":true,"href":"https:\/\/www.pelto.cl\/en\/wp-json\/wp\/v2\/product_brand?post=11047"},{"taxonomy":"product_cat","embeddable":true,"href":"https:\/\/www.pelto.cl\/en\/wp-json\/wp\/v2\/product_cat?post=11047"},{"taxonomy":"product_tag","embeddable":true,"href":"https:\/\/www.pelto.cl\/en\/wp-json\/wp\/v2\/product_tag?post=11047"}],"curies":[{"name":"wp","href":"https:\/\/api.w.org\/{rel}","templated":true}]}}