{"id":11034,"date":"2025-11-20T22:44:50","date_gmt":"2025-11-21T01:44:50","guid":{"rendered":"https:\/\/www.pelto.cl\/?post_type=product&#038;p=11034"},"modified":"2026-03-15T00:04:12","modified_gmt":"2026-03-15T03:04:12","slug":"cartera-florencia-cartera-de-cuero-castano","status":"publish","type":"product","link":"https:\/\/www.pelto.cl\/en\/product\/cartera-florencia-cartera-de-cuero-castano\/","title":{"rendered":"Cartera Florencia &#8211; Cartera de cuero casta\u00f1o"},"content":{"rendered":"<p><strong>Cartera Florencia &#8211; Cartera de Cuero Minimalista para mujer<\/strong><\/p>\n<p>La Cartera Florencia es una cartera de cuero para mujere dise\u00f1ada con un estilo minimalista y elegante, ideal para quienes buscan un accesorio pr\u00e1ctico y funcional para el d\u00eda a d\u00eda. Su forma cuadrada y su tama\u00f1o preciso la convierten en la opci\u00f3n perfecta para mujeres activas, profesionales y modernas que necesiten llevar lo escencial sin cargar dem\u00e1s.<\/p>\n<p>Fabricada a mano en Chile en cuero 100% aut\u00e9ntico de vacuno, esta cartera ofrece una alta resistencia y durabilidad, manteniendo su belleza incluso con el uso diario. Su dise\u00f1o atemporal permite que combina con todos los estilos, desde outfits casuales hasta looks mas formales.<\/p>\n<p>La correa ajustable, asegura un calce c\u00f3modo para cualquier mujer, permitiendo usarla al hombro o cruzada segun el estilo personal.<\/p>\n<ul>\n<li>Material: Cuero natural vacuno<\/li>\n<li>Di\u00e1mensiones: 29m de largo x 29cm de ancho x 6cm de base<\/li>\n<li style=\"font-weight: 400;\"><span style=\"font-weight: 400;\">Modelo Casual atemporal<\/span><\/li>\n<li style=\"font-weight: 400;\"><span style=\"font-weight: 400;\">Cuenta con un bolsillo en cara posterior<\/span><\/li>\n<li style=\"font-weight: 400;\"><span style=\"font-weight: 400;\">Bolsillo interior<\/span><\/li>\n<li>Forro: Textil<\/li>\n<li style=\"font-weight: 400;\"><span style=\"font-weight: 400;\">Correa ajustable mediante hebilla met\u00e1lica met\u00e1lica<\/span><\/li>\n<li>Estilo Crossbody casual adaptable a todo evento<\/li>\n<\/ul>\n<p>Por que elegir Pelto? En Pelto Combinamos dise\u00f1o minimalista, cuero natural chileno y elaboraci\u00f3n 100% artesanal. Cada pieza es \u00fanica, hecha a mano con pasi\u00f3n y presici\u00f3n.<\/p>\n<p>Calidad real que se siente<\/p>\n<p>Materiales nobles, duraderos y sustentables.<\/p>\n<p>Hecho a mano en Chile, con oficio y car\u00e1cter. No compras solo un accesorio, llevas parte de una historia.<\/p>\n<p>&nbsp;<\/p>\n<p>&nbsp;<\/p>\n<p>&nbsp;<\/p>","protected":false},"excerpt":{"rendered":"<p data-start=\"110\" data-end=\"164\"><strong data-start=\"110\" data-end=\"162\">Cartera de Cuero Florencia \u2013 Minimalista para Mujer<\/strong><\/p>\n<p data-start=\"166\" data-end=\"687\">La <strong data-start=\"169\" data-end=\"199\">Cartera Florencia de Pelto<\/strong> combina <strong data-start=\"208\" data-end=\"257\">estilo minimalista, funcionalidad y elegancia<\/strong>. Fabricada a mano en <strong data-start=\"279\" data-end=\"310\">cuero vacuno 100% aut\u00e9ntico<\/strong>, su dise\u00f1o cuadrado y compacto permite llevar lo esencial con comodidad. Ideal para el d\u00eda a d\u00eda, outfits casuales o looks m\u00e1s formales, su <strong data-start=\"451\" data-end=\"471\">correa ajustable<\/strong> permite usarla al hombro o cruzada, mientras que sus <strong data-start=\"525\" data-end=\"558\">bolsillos internos y externos<\/strong> mantienen todo organizado. Un accesorio <strong data-start=\"599\" data-end=\"646\">atemporal, duradero y hecho a mano en Chile<\/strong>, que refleja calidad y estilo \u00fanico. \u2728<\/p>","protected":false},"featured_media":11038,"comment_status":"open","ping_status":"closed","template":"","meta":{"_kad_blocks_custom_css":"","_kad_blocks_head_custom_js":"","_kad_blocks_body_custom_js":"","_kad_blocks_footer_custom_js":"","_kad_post_transparent":"default","_kad_post_title":"","_kad_post_layout":"default","_kad_post_sidebar_id":"","_kad_post_content_style":"default","_kad_post_vertical_padding":"default","_kad_post_feature":"","_kad_post_feature_position":"","_kad_post_header":false,"_kad_post_footer":false,"_kad_post_classname":""},"product_brand":[],"product_cat":[136,132,131],"product_tag":[169,170,304],"class_list":{"0":"post-11034","1":"product","2":"type-product","3":"status-publish","4":"has-post-thumbnail","6":"product_cat-bandoleras-mujer","7":"product_cat-carteras-y-bolsos","8":"product_cat-para-ellas","9":"product_tag-cartera-cruzada","10":"product_tag-cartera-de-cuero","11":"product_tag-cartera-redonda","13":"first","14":"instock","15":"taxable","16":"shipping-taxable","17":"purchasable","18":"product-type-simple","19":"entry","20":"content-bg","21":"loop-entry"},"taxonomy_info":{"product_cat":[{"value":136,"label":"Bandoleras Mujer"},{"value":132,"label":"Carteras y Bolsos"},{"value":131,"label":"PARA ELLAS"}],"product_tag":[{"value":169,"label":"Cartera cruzada"},{"value":170,"label":"Cartera de cuero"},{"value":304,"label":"Cartera redonda"}]},"featured_image_src_large":["https:\/\/www.pelto.cl\/wp-content\/uploads\/2025\/11\/5-1024x1024.png",1024,1024,true],"author_info":[],"comment_info":0,"_links":{"self":[{"href":"https:\/\/www.pelto.cl\/en\/wp-json\/wp\/v2\/product\/11034","targetHints":{"allow":["GET"]}}],"collection":[{"href":"https:\/\/www.pelto.cl\/en\/wp-json\/wp\/v2\/product"}],"about":[{"href":"https:\/\/www.pelto.cl\/en\/wp-json\/wp\/v2\/types\/product"}],"replies":[{"embeddable":true,"href":"https:\/\/www.pelto.cl\/en\/wp-json\/wp\/v2\/comments?post=11034"}],"wp:featuredmedia":[{"embeddable":true,"href":"https:\/\/www.pelto.cl\/en\/wp-json\/wp\/v2\/media\/11038"}],"wp:attachment":[{"href":"https:\/\/www.pelto.cl\/en\/wp-json\/wp\/v2\/media?parent=11034"}],"wp:term":[{"taxonomy":"product_brand","embeddable":true,"href":"https:\/\/www.pelto.cl\/en\/wp-json\/wp\/v2\/product_brand?post=11034"},{"taxonomy":"product_cat","embeddable":true,"href":"https:\/\/www.pelto.cl\/en\/wp-json\/wp\/v2\/product_cat?post=11034"},{"taxonomy":"product_tag","embeddable":true,"href":"https:\/\/www.pelto.cl\/en\/wp-json\/wp\/v2\/product_tag?post=11034"}],"curies":[{"name":"wp","href":"https:\/\/api.w.org\/{rel}","templated":true}]}}